{"id":51194,"date":"2019-10-28T18:30:44","date_gmt":"2019-10-28T17:30:44","guid":{"rendered":"https:\/\/pedrogomezmadrid.com\/producto\/camiseta-basic-logo-white\/"},"modified":"2025-04-21T00:00:33","modified_gmt":"2025-04-20T23:00:33","slug":"basic-logo-white-t-shirt","status":"publish","type":"product","link":"https:\/\/pedrogomezmadrid.com\/en\/tienda\/plumiferos\/basic-logo-white-t-shirt\/","title":{"rendered":"Basic Logo White T-shirt."},"content":{"rendered":"<p class=\"p1\">T-shirt with slim fit and white color. It features original Pedro Gomez Madrid designs with the vertical Pedro Gomez logo on the front and special label on the collar. This t-shirt is more fitted in the shoulders and armhole than the rest of Pedro G\u00f3mez Madrid t-shirts.<\/p>\n","protected":false},"excerpt":{"rendered":"<p class=\"p1\">The Basic Logo White T-shirt is part of the exclusive Pedro G\u00f3mez Madrid T-shirt collection.<\/p>\n<p class=\"p1\">Made of 100% cotton. Weighs 220 g.<\/p>\n","protected":false},"featured_media":49802,"template":"","meta":[],"product_cat":[270,268],"product_tag":[],"class_list":{"0":"post-51194","1":"product","2":"type-product","3":"status-publish","4":"has-post-thumbnail","6":"product_cat-shop","7":"product_cat-t-shirts","9":"first","10":"outofstock","11":"taxable","12":"shipping-taxable","13":"purchasable","14":"product-type-variable","15":"has-default-attributes"},"yoast_head":"<!-- This site is optimized with the Yoast SEO plugin v24.0 - https:\/\/yoast.com\/wordpress\/plugins\/seo\/ -->\n<title>Basic Logo White T-shirt. - Pedro G\u00f3mez Madrid<\/title>\n<meta name=\"description\" content=\"La mejor camiseta del mercado fabricada 100% en algod\u00f3n y con el m\u00edtico logo de Pedro G\u00f3mez. \u00a1Lleva la monta\u00f1a contigo con su color n\u00edveo white!\" \/>\n<meta name=\"robots\" content=\"index, follow, max-snippet:-1, max-image-preview:large, max-video-preview:-1\" \/>\n<link rel=\"canonical\" href=\"https:\/\/pedrogomezmadrid.com\/tienda\/plumiferos\/camiseta-basic-logo-white\/\" \/>\n<meta property=\"og:locale\" content=\"en_US\" \/>\n<meta property=\"og:type\" content=\"article\" \/>\n<meta property=\"og:title\" content=\"Basic Logo White T-shirt. - Pedro G\u00f3mez Madrid\" \/>\n<meta property=\"og:description\" content=\"La mejor camiseta del mercado fabricada 100% en algod\u00f3n y con el m\u00edtico logo de Pedro G\u00f3mez. \u00a1Lleva la monta\u00f1a contigo con su color n\u00edveo white!\" \/>\n<meta property=\"og:url\" content=\"https:\/\/pedrogomezmadrid.com\/tienda\/plumiferos\/camiseta-basic-logo-white\/\" \/>\n<meta property=\"og:site_name\" content=\"Pedro G\u00f3mez Madrid\" \/>\n<meta property=\"article:modified_time\" content=\"2025-04-20T23:00:33+00:00\" \/>\n<meta property=\"og:image\" content=\"https:\/\/pedrogomezmadrid.com\/wp-content\/uploads\/2019\/10\/camiseta-pedro-gomez-basic-logo-white-frente.jpg\" \/>\n\t<meta property=\"og:image:width\" content=\"980\" \/>\n\t<meta property=\"og:image:height\" content=\"1120\" \/>\n\t<meta property=\"og:image:type\" content=\"image\/jpeg\" \/>\n<meta name=\"twitter:card\" content=\"summary_large_image\" \/>\n<meta name=\"twitter:label1\" content=\"Est. reading time\" \/>\n\t<meta name=\"twitter:data1\" content=\"1 minute\" \/>\n<script type=\"application\/ld+json\" class=\"yoast-schema-graph\">{\"@context\":\"https:\/\/schema.org\",\"@graph\":[{\"@type\":\"WebPage\",\"@id\":\"https:\/\/pedrogomezmadrid.com\/tienda\/plumiferos\/camiseta-basic-logo-white\/\",\"url\":\"https:\/\/pedrogomezmadrid.com\/tienda\/plumiferos\/camiseta-basic-logo-white\/\",\"name\":\"Basic Logo White T-shirt. - Pedro G\u00f3mez Madrid\",\"isPartOf\":{\"@id\":\"https:\/\/pedrogomezmadrid.com\/#website\"},\"primaryImageOfPage\":{\"@id\":\"https:\/\/pedrogomezmadrid.com\/tienda\/plumiferos\/camiseta-basic-logo-white\/#primaryimage\"},\"image\":{\"@id\":\"https:\/\/pedrogomezmadrid.com\/tienda\/plumiferos\/camiseta-basic-logo-white\/#primaryimage\"},\"thumbnailUrl\":\"https:\/\/pedrogomezmadrid.com\/wp-content\/uploads\/2019\/10\/camiseta-pedro-gomez-basic-logo-white-frente.jpg\",\"datePublished\":\"2019-10-28T17:30:44+00:00\",\"dateModified\":\"2025-04-20T23:00:33+00:00\",\"description\":\"La mejor camiseta del mercado fabricada 100% en algod\u00f3n y con el m\u00edtico logo de Pedro G\u00f3mez. \u00a1Lleva la monta\u00f1a contigo con su color n\u00edveo white!\",\"breadcrumb\":{\"@id\":\"https:\/\/pedrogomezmadrid.com\/tienda\/plumiferos\/camiseta-basic-logo-white\/#breadcrumb\"},\"inLanguage\":\"en-US\",\"potentialAction\":[{\"@type\":\"ReadAction\",\"target\":[\"https:\/\/pedrogomezmadrid.com\/tienda\/plumiferos\/camiseta-basic-logo-white\/\"]}]},{\"@type\":\"ImageObject\",\"inLanguage\":\"en-US\",\"@id\":\"https:\/\/pedrogomezmadrid.com\/tienda\/plumiferos\/camiseta-basic-logo-white\/#primaryimage\",\"url\":\"https:\/\/pedrogomezmadrid.com\/wp-content\/uploads\/2019\/10\/camiseta-pedro-gomez-basic-logo-white-frente.jpg\",\"contentUrl\":\"https:\/\/pedrogomezmadrid.com\/wp-content\/uploads\/2019\/10\/camiseta-pedro-gomez-basic-logo-white-frente.jpg\",\"width\":980,\"height\":1120},{\"@type\":\"BreadcrumbList\",\"@id\":\"https:\/\/pedrogomezmadrid.com\/tienda\/plumiferos\/camiseta-basic-logo-white\/#breadcrumb\",\"itemListElement\":[{\"@type\":\"ListItem\",\"position\":1,\"name\":\"Portada\",\"item\":\"https:\/\/pedrogomezmadrid.com\/en\/\"},{\"@type\":\"ListItem\",\"position\":2,\"name\":\"Tienda\",\"item\":\"https:\/\/pedrogomezmadrid.com\/tienda\/\"},{\"@type\":\"ListItem\",\"position\":3,\"name\":\"Basic Logo White T-shirt.\"}]},{\"@type\":\"WebSite\",\"@id\":\"https:\/\/pedrogomezmadrid.com\/#website\",\"url\":\"https:\/\/pedrogomezmadrid.com\/\",\"name\":\"Pedro G\u00f3mez Madrid\",\"description\":\"Vuelve la leyenda de los mejores plum\u00edferos del mundo\",\"potentialAction\":[{\"@type\":\"SearchAction\",\"target\":{\"@type\":\"EntryPoint\",\"urlTemplate\":\"https:\/\/pedrogomezmadrid.com\/?s={search_term_string}\"},\"query-input\":{\"@type\":\"PropertyValueSpecification\",\"valueRequired\":true,\"valueName\":\"search_term_string\"}}],\"inLanguage\":\"en-US\"}]}<\/script>\n<!-- \/ Yoast SEO plugin. -->","yoast_head_json":{"title":"Basic Logo White T-shirt. - Pedro G\u00f3mez Madrid","description":"La mejor camiseta del mercado fabricada 100% en algod\u00f3n y con el m\u00edtico logo de Pedro G\u00f3mez. \u00a1Lleva la monta\u00f1a contigo con su color n\u00edveo white!","robots":{"index":"index","follow":"follow","max-snippet":"max-snippet:-1","max-image-preview":"max-image-preview:large","max-video-preview":"max-video-preview:-1"},"canonical":"https:\/\/pedrogomezmadrid.com\/tienda\/plumiferos\/camiseta-basic-logo-white\/","og_locale":"en_US","og_type":"article","og_title":"Basic Logo White T-shirt. - Pedro G\u00f3mez Madrid","og_description":"La mejor camiseta del mercado fabricada 100% en algod\u00f3n y con el m\u00edtico logo de Pedro G\u00f3mez. \u00a1Lleva la monta\u00f1a contigo con su color n\u00edveo white!","og_url":"https:\/\/pedrogomezmadrid.com\/tienda\/plumiferos\/camiseta-basic-logo-white\/","og_site_name":"Pedro G\u00f3mez Madrid","article_modified_time":"2025-04-20T23:00:33+00:00","og_image":[{"width":980,"height":1120,"url":"https:\/\/pedrogomezmadrid.com\/wp-content\/uploads\/2019\/10\/camiseta-pedro-gomez-basic-logo-white-frente.jpg","type":"image\/jpeg"}],"twitter_card":"summary_large_image","twitter_misc":{"Est. reading time":"1 minute"},"schema":{"@context":"https:\/\/schema.org","@graph":[{"@type":"WebPage","@id":"https:\/\/pedrogomezmadrid.com\/tienda\/plumiferos\/camiseta-basic-logo-white\/","url":"https:\/\/pedrogomezmadrid.com\/tienda\/plumiferos\/camiseta-basic-logo-white\/","name":"Basic Logo White T-shirt. - Pedro G\u00f3mez Madrid","isPartOf":{"@id":"https:\/\/pedrogomezmadrid.com\/#website"},"primaryImageOfPage":{"@id":"https:\/\/pedrogomezmadrid.com\/tienda\/plumiferos\/camiseta-basic-logo-white\/#primaryimage"},"image":{"@id":"https:\/\/pedrogomezmadrid.com\/tienda\/plumiferos\/camiseta-basic-logo-white\/#primaryimage"},"thumbnailUrl":"https:\/\/pedrogomezmadrid.com\/wp-content\/uploads\/2019\/10\/camiseta-pedro-gomez-basic-logo-white-frente.jpg","datePublished":"2019-10-28T17:30:44+00:00","dateModified":"2025-04-20T23:00:33+00:00","description":"La mejor camiseta del mercado fabricada 100% en algod\u00f3n y con el m\u00edtico logo de Pedro G\u00f3mez. \u00a1Lleva la monta\u00f1a contigo con su color n\u00edveo white!","breadcrumb":{"@id":"https:\/\/pedrogomezmadrid.com\/tienda\/plumiferos\/camiseta-basic-logo-white\/#breadcrumb"},"inLanguage":"en-US","potentialAction":[{"@type":"ReadAction","target":["https:\/\/pedrogomezmadrid.com\/tienda\/plumiferos\/camiseta-basic-logo-white\/"]}]},{"@type":"ImageObject","inLanguage":"en-US","@id":"https:\/\/pedrogomezmadrid.com\/tienda\/plumiferos\/camiseta-basic-logo-white\/#primaryimage","url":"https:\/\/pedrogomezmadrid.com\/wp-content\/uploads\/2019\/10\/camiseta-pedro-gomez-basic-logo-white-frente.jpg","contentUrl":"https:\/\/pedrogomezmadrid.com\/wp-content\/uploads\/2019\/10\/camiseta-pedro-gomez-basic-logo-white-frente.jpg","width":980,"height":1120},{"@type":"BreadcrumbList","@id":"https:\/\/pedrogomezmadrid.com\/tienda\/plumiferos\/camiseta-basic-logo-white\/#breadcrumb","itemListElement":[{"@type":"ListItem","position":1,"name":"Portada","item":"https:\/\/pedrogomezmadrid.com\/en\/"},{"@type":"ListItem","position":2,"name":"Tienda","item":"https:\/\/pedrogomezmadrid.com\/tienda\/"},{"@type":"ListItem","position":3,"name":"Basic Logo White T-shirt."}]},{"@type":"WebSite","@id":"https:\/\/pedrogomezmadrid.com\/#website","url":"https:\/\/pedrogomezmadrid.com\/","name":"Pedro G\u00f3mez Madrid","description":"Vuelve la leyenda de los mejores plum\u00edferos del mundo","potentialAction":[{"@type":"SearchAction","target":{"@type":"EntryPoint","urlTemplate":"https:\/\/pedrogomezmadrid.com\/?s={search_term_string}"},"query-input":{"@type":"PropertyValueSpecification","valueRequired":true,"valueName":"search_term_string"}}],"inLanguage":"en-US"}]}},"_links":{"self":[{"href":"https:\/\/pedrogomezmadrid.com\/en\/wp-json\/wp\/v2\/product\/51194","targetHints":{"allow":["GET"]}}],"collection":[{"href":"https:\/\/pedrogomezmadrid.com\/en\/wp-json\/wp\/v2\/product"}],"about":[{"href":"https:\/\/pedrogomezmadrid.com\/en\/wp-json\/wp\/v2\/types\/product"}],"wp:featuredmedia":[{"embeddable":true,"href":"https:\/\/pedrogomezmadrid.com\/en\/wp-json\/wp\/v2\/media\/49802"}],"wp:attachment":[{"href":"https:\/\/pedrogomezmadrid.com\/en\/wp-json\/wp\/v2\/media?parent=51194"}],"wp:term":[{"taxonomy":"product_cat","embeddable":true,"href":"https:\/\/pedrogomezmadrid.com\/en\/wp-json\/wp\/v2\/product_cat?post=51194"},{"taxonomy":"product_tag","embeddable":true,"href":"https:\/\/pedrogomezmadrid.com\/en\/wp-json\/wp\/v2\/product_tag?post=51194"}],"curies":[{"name":"wp","href":"https:\/\/api.w.org\/{rel}","templated":true}]}}