{"id":51201,"date":"2020-10-15T17:07:40","date_gmt":"2020-10-15T16:07:40","guid":{"rendered":"https:\/\/pedrogomezmadrid.com\/producto\/camiseta-mapamundi-black\/"},"modified":"2023-03-10T10:33:20","modified_gmt":"2023-03-10T09:33:20","slug":"mapamundi-black-t-shirt","status":"publish","type":"product","link":"https:\/\/pedrogomezmadrid.com\/en\/tienda\/plumiferos\/mapamundi-black-t-shirt\/","title":{"rendered":"Mapamundi Black T-shirt"},"content":{"rendered":"<p class=\"p1\">T-shirt with slim fit and black color. It has original designs of Pedro Gomez Madrid made in orange silkscreen printing with the mountain Pedro Gomez on the front and the Mapamundi logo on the back with the expeditions that Pedro Gomez carried out.<\/p>\n","protected":false},"excerpt":{"rendered":"<p class=\"p1\">The Mapamundi Black t-shirt is part of the exclusive Pedro G\u00f3mez Madrid t-shirt collection.<\/p>\n<p class=\"p1\">Made of 100% cotton. Weighs 220 g.<\/p>\n","protected":false},"featured_media":49827,"template":"","meta":[],"product_cat":[],"product_tag":[],"class_list":{"0":"post-51201","1":"product","2":"type-product","3":"status-publish","4":"has-post-thumbnail","7":"first","8":"outofstock","9":"sale","10":"taxable","11":"shipping-taxable","12":"purchasable","13":"product-type-variable","14":"has-default-attributes"},"yoast_head":"<!-- This site is optimized with the Yoast SEO plugin v24.0 - https:\/\/yoast.com\/wordpress\/plugins\/seo\/ -->\n<title>Mapamundi Black T-shirt - Pedro G\u00f3mez Madrid<\/title>\n<meta name=\"description\" content=\"La mejor camiseta del mercado fabricada 100% en algod\u00f3n y con el logo Mapamundi impreso con serigraf\u00eda. \u00a1Disfr\u00fatala con su espectacular color black!\" \/>\n<meta name=\"robots\" content=\"index, follow, max-snippet:-1, max-image-preview:large, max-video-preview:-1\" \/>\n<link rel=\"canonical\" href=\"https:\/\/pedrogomezmadrid.com\/en\/tienda\/plumiferos\/mapamundi-black-t-shirt\/\" \/>\n<meta property=\"og:locale\" content=\"en_US\" \/>\n<meta property=\"og:type\" content=\"article\" \/>\n<meta property=\"og:title\" content=\"Mapamundi Black T-shirt - Pedro G\u00f3mez Madrid\" \/>\n<meta property=\"og:description\" content=\"La mejor camiseta del mercado fabricada 100% en algod\u00f3n y con el logo Mapamundi impreso con serigraf\u00eda. \u00a1Disfr\u00fatala con su espectacular color black!\" \/>\n<meta property=\"og:url\" content=\"https:\/\/pedrogomezmadrid.com\/en\/tienda\/plumiferos\/mapamundi-black-t-shirt\/\" \/>\n<meta property=\"og:site_name\" content=\"Pedro G\u00f3mez Madrid\" \/>\n<meta property=\"article:modified_time\" content=\"2023-03-10T09:33:20+00:00\" \/>\n<meta property=\"og:image\" content=\"https:\/\/pedrogomezmadrid.com\/wp-content\/uploads\/2020\/10\/camiseta-pedro-gomez-mapamundi-black-frente.jpg\" \/>\n\t<meta property=\"og:image:width\" content=\"980\" \/>\n\t<meta property=\"og:image:height\" content=\"1120\" \/>\n\t<meta property=\"og:image:type\" content=\"image\/jpeg\" \/>\n<meta name=\"twitter:card\" content=\"summary_large_image\" \/>\n<meta name=\"twitter:label1\" content=\"Est. reading time\" \/>\n\t<meta name=\"twitter:data1\" content=\"1 minute\" \/>\n<script type=\"application\/ld+json\" class=\"yoast-schema-graph\">{\"@context\":\"https:\/\/schema.org\",\"@graph\":[{\"@type\":\"WebPage\",\"@id\":\"https:\/\/pedrogomezmadrid.com\/en\/tienda\/plumiferos\/mapamundi-black-t-shirt\/\",\"url\":\"https:\/\/pedrogomezmadrid.com\/en\/tienda\/plumiferos\/mapamundi-black-t-shirt\/\",\"name\":\"Mapamundi Black T-shirt - Pedro G\u00f3mez Madrid\",\"isPartOf\":{\"@id\":\"https:\/\/pedrogomezmadrid.com\/#website\"},\"primaryImageOfPage\":{\"@id\":\"https:\/\/pedrogomezmadrid.com\/en\/tienda\/plumiferos\/mapamundi-black-t-shirt\/#primaryimage\"},\"image\":{\"@id\":\"https:\/\/pedrogomezmadrid.com\/en\/tienda\/plumiferos\/mapamundi-black-t-shirt\/#primaryimage\"},\"thumbnailUrl\":\"https:\/\/pedrogomezmadrid.com\/wp-content\/uploads\/2020\/10\/camiseta-pedro-gomez-mapamundi-black-frente.jpg\",\"datePublished\":\"2020-10-15T16:07:40+00:00\",\"dateModified\":\"2023-03-10T09:33:20+00:00\",\"description\":\"La mejor camiseta del mercado fabricada 100% en algod\u00f3n y con el logo Mapamundi impreso con serigraf\u00eda. \u00a1Disfr\u00fatala con su espectacular color black!\",\"breadcrumb\":{\"@id\":\"https:\/\/pedrogomezmadrid.com\/en\/tienda\/plumiferos\/mapamundi-black-t-shirt\/#breadcrumb\"},\"inLanguage\":\"en-US\",\"potentialAction\":[{\"@type\":\"ReadAction\",\"target\":[\"https:\/\/pedrogomezmadrid.com\/en\/tienda\/plumiferos\/mapamundi-black-t-shirt\/\"]}]},{\"@type\":\"ImageObject\",\"inLanguage\":\"en-US\",\"@id\":\"https:\/\/pedrogomezmadrid.com\/en\/tienda\/plumiferos\/mapamundi-black-t-shirt\/#primaryimage\",\"url\":\"https:\/\/pedrogomezmadrid.com\/wp-content\/uploads\/2020\/10\/camiseta-pedro-gomez-mapamundi-black-frente.jpg\",\"contentUrl\":\"https:\/\/pedrogomezmadrid.com\/wp-content\/uploads\/2020\/10\/camiseta-pedro-gomez-mapamundi-black-frente.jpg\",\"width\":980,\"height\":1120},{\"@type\":\"BreadcrumbList\",\"@id\":\"https:\/\/pedrogomezmadrid.com\/en\/tienda\/plumiferos\/mapamundi-black-t-shirt\/#breadcrumb\",\"itemListElement\":[{\"@type\":\"ListItem\",\"position\":1,\"name\":\"Portada\",\"item\":\"https:\/\/pedrogomezmadrid.com\/en\/\"},{\"@type\":\"ListItem\",\"position\":2,\"name\":\"Tienda\",\"item\":\"https:\/\/pedrogomezmadrid.com\/tienda\/\"},{\"@type\":\"ListItem\",\"position\":3,\"name\":\"Mapamundi Black T-shirt\"}]},{\"@type\":\"WebSite\",\"@id\":\"https:\/\/pedrogomezmadrid.com\/#website\",\"url\":\"https:\/\/pedrogomezmadrid.com\/\",\"name\":\"Pedro G\u00f3mez Madrid\",\"description\":\"Vuelve la leyenda de los mejores plum\u00edferos del mundo\",\"potentialAction\":[{\"@type\":\"SearchAction\",\"target\":{\"@type\":\"EntryPoint\",\"urlTemplate\":\"https:\/\/pedrogomezmadrid.com\/?s={search_term_string}\"},\"query-input\":{\"@type\":\"PropertyValueSpecification\",\"valueRequired\":true,\"valueName\":\"search_term_string\"}}],\"inLanguage\":\"en-US\"}]}<\/script>\n<!-- \/ Yoast SEO plugin. -->","yoast_head_json":{"title":"Mapamundi Black T-shirt - Pedro G\u00f3mez Madrid","description":"La mejor camiseta del mercado fabricada 100% en algod\u00f3n y con el logo Mapamundi impreso con serigraf\u00eda. \u00a1Disfr\u00fatala con su espectacular color black!","robots":{"index":"index","follow":"follow","max-snippet":"max-snippet:-1","max-image-preview":"max-image-preview:large","max-video-preview":"max-video-preview:-1"},"canonical":"https:\/\/pedrogomezmadrid.com\/en\/tienda\/plumiferos\/mapamundi-black-t-shirt\/","og_locale":"en_US","og_type":"article","og_title":"Mapamundi Black T-shirt - Pedro G\u00f3mez Madrid","og_description":"La mejor camiseta del mercado fabricada 100% en algod\u00f3n y con el logo Mapamundi impreso con serigraf\u00eda. \u00a1Disfr\u00fatala con su espectacular color black!","og_url":"https:\/\/pedrogomezmadrid.com\/en\/tienda\/plumiferos\/mapamundi-black-t-shirt\/","og_site_name":"Pedro G\u00f3mez Madrid","article_modified_time":"2023-03-10T09:33:20+00:00","og_image":[{"width":980,"height":1120,"url":"https:\/\/pedrogomezmadrid.com\/wp-content\/uploads\/2020\/10\/camiseta-pedro-gomez-mapamundi-black-frente.jpg","type":"image\/jpeg"}],"twitter_card":"summary_large_image","twitter_misc":{"Est. reading time":"1 minute"},"schema":{"@context":"https:\/\/schema.org","@graph":[{"@type":"WebPage","@id":"https:\/\/pedrogomezmadrid.com\/en\/tienda\/plumiferos\/mapamundi-black-t-shirt\/","url":"https:\/\/pedrogomezmadrid.com\/en\/tienda\/plumiferos\/mapamundi-black-t-shirt\/","name":"Mapamundi Black T-shirt - Pedro G\u00f3mez Madrid","isPartOf":{"@id":"https:\/\/pedrogomezmadrid.com\/#website"},"primaryImageOfPage":{"@id":"https:\/\/pedrogomezmadrid.com\/en\/tienda\/plumiferos\/mapamundi-black-t-shirt\/#primaryimage"},"image":{"@id":"https:\/\/pedrogomezmadrid.com\/en\/tienda\/plumiferos\/mapamundi-black-t-shirt\/#primaryimage"},"thumbnailUrl":"https:\/\/pedrogomezmadrid.com\/wp-content\/uploads\/2020\/10\/camiseta-pedro-gomez-mapamundi-black-frente.jpg","datePublished":"2020-10-15T16:07:40+00:00","dateModified":"2023-03-10T09:33:20+00:00","description":"La mejor camiseta del mercado fabricada 100% en algod\u00f3n y con el logo Mapamundi impreso con serigraf\u00eda. \u00a1Disfr\u00fatala con su espectacular color black!","breadcrumb":{"@id":"https:\/\/pedrogomezmadrid.com\/en\/tienda\/plumiferos\/mapamundi-black-t-shirt\/#breadcrumb"},"inLanguage":"en-US","potentialAction":[{"@type":"ReadAction","target":["https:\/\/pedrogomezmadrid.com\/en\/tienda\/plumiferos\/mapamundi-black-t-shirt\/"]}]},{"@type":"ImageObject","inLanguage":"en-US","@id":"https:\/\/pedrogomezmadrid.com\/en\/tienda\/plumiferos\/mapamundi-black-t-shirt\/#primaryimage","url":"https:\/\/pedrogomezmadrid.com\/wp-content\/uploads\/2020\/10\/camiseta-pedro-gomez-mapamundi-black-frente.jpg","contentUrl":"https:\/\/pedrogomezmadrid.com\/wp-content\/uploads\/2020\/10\/camiseta-pedro-gomez-mapamundi-black-frente.jpg","width":980,"height":1120},{"@type":"BreadcrumbList","@id":"https:\/\/pedrogomezmadrid.com\/en\/tienda\/plumiferos\/mapamundi-black-t-shirt\/#breadcrumb","itemListElement":[{"@type":"ListItem","position":1,"name":"Portada","item":"https:\/\/pedrogomezmadrid.com\/en\/"},{"@type":"ListItem","position":2,"name":"Tienda","item":"https:\/\/pedrogomezmadrid.com\/tienda\/"},{"@type":"ListItem","position":3,"name":"Mapamundi Black T-shirt"}]},{"@type":"WebSite","@id":"https:\/\/pedrogomezmadrid.com\/#website","url":"https:\/\/pedrogomezmadrid.com\/","name":"Pedro G\u00f3mez Madrid","description":"Vuelve la leyenda de los mejores plum\u00edferos del mundo","potentialAction":[{"@type":"SearchAction","target":{"@type":"EntryPoint","urlTemplate":"https:\/\/pedrogomezmadrid.com\/?s={search_term_string}"},"query-input":{"@type":"PropertyValueSpecification","valueRequired":true,"valueName":"search_term_string"}}],"inLanguage":"en-US"}]}},"_links":{"self":[{"href":"https:\/\/pedrogomezmadrid.com\/en\/wp-json\/wp\/v2\/product\/51201","targetHints":{"allow":["GET"]}}],"collection":[{"href":"https:\/\/pedrogomezmadrid.com\/en\/wp-json\/wp\/v2\/product"}],"about":[{"href":"https:\/\/pedrogomezmadrid.com\/en\/wp-json\/wp\/v2\/types\/product"}],"wp:featuredmedia":[{"embeddable":true,"href":"https:\/\/pedrogomezmadrid.com\/en\/wp-json\/wp\/v2\/media\/49827"}],"wp:attachment":[{"href":"https:\/\/pedrogomezmadrid.com\/en\/wp-json\/wp\/v2\/media?parent=51201"}],"wp:term":[{"taxonomy":"product_cat","embeddable":true,"href":"https:\/\/pedrogomezmadrid.com\/en\/wp-json\/wp\/v2\/product_cat?post=51201"},{"taxonomy":"product_tag","embeddable":true,"href":"https:\/\/pedrogomezmadrid.com\/en\/wp-json\/wp\/v2\/product_tag?post=51201"}],"curies":[{"name":"wp","href":"https:\/\/api.w.org\/{rel}","templated":true}]}}