{"id":51216,"date":"2022-11-02T16:19:54","date_gmt":"2022-11-02T15:19:54","guid":{"rendered":"https:\/\/pedrogomezmadrid.com\/producto\/canadiense-tosca-gris-perle-tosca-negro\/"},"modified":"2023-03-09T21:47:40","modified_gmt":"2023-03-09T20:47:40","slug":"canadian-tosca-grey-perle-tosca-tosca-black","status":"publish","type":"product","link":"https:\/\/pedrogomezmadrid.com\/en\/tienda\/plumiferos\/canadian-tosca-grey-perle-tosca-tosca-black\/","title":{"rendered":"Canadian Tosca Grey Perle Tosca Tosca Black"},"content":{"rendered":"<p class=\"p1\">Manufactured 100% in Spain. Body and yoke 58% polyamide, 30% elastane, 12% polyurethane. Lining 100% polyamide.<\/p>\n<p class=\"p1\">It has 4 cm longer than the original pattern, sleeve screen-printed with the Pedro G\u00f3mez Madrid logo in black and white, silver black El Igloo label, black hook-and-eye fasteners, extra feather filling and reinforced curved outer pocket. With hook and eye fasteners at the back to add a removable down hood (currently under development) and with zippers on the sleeves to be able to remove them and turn the model into a vest.<\/p>\n<p class=\"p1\">Stretch fabric with double membrane, windproof, water repellent and with extra resistance to solar abrasion.<\/p>\n","protected":false},"excerpt":{"rendered":"<p class=\"p1\">The pinnacle of softness.<\/p>\n<p class=\"p1\">310 g. of genuine down DUVET<span class=\"s1\">\u00ae\ufe0f<\/span> for size 3. All other sizes have filler proportional to size.<\/p>\n<p class=\"p1\">Body with Tosca fabric in pearl gray, yoke and outer pocket with Tosca fabric in black and inner lining with Kiss fabric in black.<\/p>\n","protected":false},"featured_media":54270,"template":"","meta":[],"product_brand":[],"product_cat":[],"product_tag":[],"class_list":{"0":"post-51216","1":"product","2":"type-product","3":"status-publish","4":"has-post-thumbnail","7":"first","8":"outofstock","9":"taxable","10":"shipping-taxable","11":"purchasable","12":"product-type-variable"},"yoast_head":"<!-- This site is optimized with the Yoast SEO plugin v27.4 - https:\/\/yoast.com\/product\/yoast-seo-wordpress\/ -->\n<title>Canadian Tosca Grey Perle Tosca Tosca Black - Pedro G\u00f3mez Madrid<\/title>\n<meta name=\"description\" content=\"El m\u00edtico plumas canadiense de Pedro G\u00f3mez Madrid con el tejido premium Tosca en color gris perle y negro. \u00a1Fabricado artesanalmente en Espa\u00f1a!\" \/>\n<meta name=\"robots\" content=\"index, follow, max-snippet:-1, max-image-preview:large, max-video-preview:-1\" \/>\n<link rel=\"canonical\" href=\"https:\/\/pedrogomezmadrid.com\/en\/tienda\/plumiferos\/canadian-tosca-grey-perle-tosca-tosca-black\/\" \/>\n<meta property=\"og:locale\" content=\"en_US\" \/>\n<meta property=\"og:type\" content=\"article\" \/>\n<meta property=\"og:title\" content=\"Canadian Tosca Grey Perle Tosca Tosca Black - Pedro G\u00f3mez Madrid\" \/>\n<meta property=\"og:description\" content=\"El m\u00edtico plumas canadiense de Pedro G\u00f3mez Madrid con el tejido premium Tosca en color gris perle y negro. \u00a1Fabricado artesanalmente en Espa\u00f1a!\" \/>\n<meta property=\"og:url\" content=\"https:\/\/pedrogomezmadrid.com\/en\/tienda\/plumiferos\/canadian-tosca-grey-perle-tosca-tosca-black\/\" \/>\n<meta property=\"og:site_name\" content=\"Pedro G\u00f3mez Madrid\" \/>\n<meta property=\"article:modified_time\" content=\"2023-03-09T20:47:40+00:00\" \/>\n<meta property=\"og:image\" content=\"https:\/\/pedrogomezmadrid.com\/wp-content\/uploads\/2022\/11\/CanadienseToscaGrisToscaNegro.jpg\" \/>\n\t<meta property=\"og:image:width\" content=\"980\" \/>\n\t<meta property=\"og:image:height\" content=\"1120\" \/>\n\t<meta property=\"og:image:type\" content=\"image\/jpeg\" \/>\n<meta name=\"twitter:card\" content=\"summary_large_image\" \/>\n<meta name=\"twitter:label1\" content=\"Est. reading time\" \/>\n\t<meta name=\"twitter:data1\" content=\"1 minute\" \/>\n<script type=\"application\/ld+json\" class=\"yoast-schema-graph\">{\"@context\":\"https:\\\/\\\/schema.org\",\"@graph\":[{\"@type\":\"WebPage\",\"@id\":\"https:\\\/\\\/pedrogomezmadrid.com\\\/en\\\/tienda\\\/plumiferos\\\/canadian-tosca-grey-perle-tosca-tosca-black\\\/\",\"url\":\"https:\\\/\\\/pedrogomezmadrid.com\\\/en\\\/tienda\\\/plumiferos\\\/canadian-tosca-grey-perle-tosca-tosca-black\\\/\",\"name\":\"Canadian Tosca Grey Perle Tosca Tosca Black - Pedro G\u00f3mez Madrid\",\"isPartOf\":{\"@id\":\"https:\\\/\\\/pedrogomezmadrid.com\\\/#website\"},\"primaryImageOfPage\":{\"@id\":\"https:\\\/\\\/pedrogomezmadrid.com\\\/en\\\/tienda\\\/plumiferos\\\/canadian-tosca-grey-perle-tosca-tosca-black\\\/#primaryimage\"},\"image\":{\"@id\":\"https:\\\/\\\/pedrogomezmadrid.com\\\/en\\\/tienda\\\/plumiferos\\\/canadian-tosca-grey-perle-tosca-tosca-black\\\/#primaryimage\"},\"thumbnailUrl\":\"https:\\\/\\\/pedrogomezmadrid.com\\\/wp-content\\\/uploads\\\/2022\\\/11\\\/CanadienseToscaGrisToscaNegro.jpg\",\"datePublished\":\"2022-11-02T15:19:54+00:00\",\"dateModified\":\"2023-03-09T20:47:40+00:00\",\"description\":\"El m\u00edtico plumas canadiense de Pedro G\u00f3mez Madrid con el tejido premium Tosca en color gris perle y negro. \u00a1Fabricado artesanalmente en Espa\u00f1a!\",\"breadcrumb\":{\"@id\":\"https:\\\/\\\/pedrogomezmadrid.com\\\/en\\\/tienda\\\/plumiferos\\\/canadian-tosca-grey-perle-tosca-tosca-black\\\/#breadcrumb\"},\"inLanguage\":\"en-US\",\"potentialAction\":[{\"@type\":\"ReadAction\",\"target\":[\"https:\\\/\\\/pedrogomezmadrid.com\\\/en\\\/tienda\\\/plumiferos\\\/canadian-tosca-grey-perle-tosca-tosca-black\\\/\"]}]},{\"@type\":\"ImageObject\",\"inLanguage\":\"en-US\",\"@id\":\"https:\\\/\\\/pedrogomezmadrid.com\\\/en\\\/tienda\\\/plumiferos\\\/canadian-tosca-grey-perle-tosca-tosca-black\\\/#primaryimage\",\"url\":\"https:\\\/\\\/pedrogomezmadrid.com\\\/wp-content\\\/uploads\\\/2022\\\/11\\\/CanadienseToscaGrisToscaNegro.jpg\",\"contentUrl\":\"https:\\\/\\\/pedrogomezmadrid.com\\\/wp-content\\\/uploads\\\/2022\\\/11\\\/CanadienseToscaGrisToscaNegro.jpg\",\"width\":980,\"height\":1120},{\"@type\":\"BreadcrumbList\",\"@id\":\"https:\\\/\\\/pedrogomezmadrid.com\\\/en\\\/tienda\\\/plumiferos\\\/canadian-tosca-grey-perle-tosca-tosca-black\\\/#breadcrumb\",\"itemListElement\":[{\"@type\":\"ListItem\",\"position\":1,\"name\":\"Portada\",\"item\":\"https:\\\/\\\/pedrogomezmadrid.com\\\/en\\\/\"},{\"@type\":\"ListItem\",\"position\":2,\"name\":\"Tienda\",\"item\":\"https:\\\/\\\/pedrogomezmadrid.com\\\/tienda\\\/\"},{\"@type\":\"ListItem\",\"position\":3,\"name\":\"Canadian Tosca Grey Perle Tosca Tosca Black\"}]},{\"@type\":\"WebSite\",\"@id\":\"https:\\\/\\\/pedrogomezmadrid.com\\\/#website\",\"url\":\"https:\\\/\\\/pedrogomezmadrid.com\\\/\",\"name\":\"Pedro G\u00f3mez Madrid\",\"description\":\"Vuelve la leyenda de los mejores plum\u00edferos del mundo\",\"potentialAction\":[{\"@type\":\"SearchAction\",\"target\":{\"@type\":\"EntryPoint\",\"urlTemplate\":\"https:\\\/\\\/pedrogomezmadrid.com\\\/?s={search_term_string}\"},\"query-input\":{\"@type\":\"PropertyValueSpecification\",\"valueRequired\":true,\"valueName\":\"search_term_string\"}}],\"inLanguage\":\"en-US\"}]}<\/script>\n<!-- \/ Yoast SEO plugin. -->","yoast_head_json":{"title":"Canadian Tosca Grey Perle Tosca Tosca Black - Pedro G\u00f3mez Madrid","description":"El m\u00edtico plumas canadiense de Pedro G\u00f3mez Madrid con el tejido premium Tosca en color gris perle y negro. \u00a1Fabricado artesanalmente en Espa\u00f1a!","robots":{"index":"index","follow":"follow","max-snippet":"max-snippet:-1","max-image-preview":"max-image-preview:large","max-video-preview":"max-video-preview:-1"},"canonical":"https:\/\/pedrogomezmadrid.com\/en\/tienda\/plumiferos\/canadian-tosca-grey-perle-tosca-tosca-black\/","og_locale":"en_US","og_type":"article","og_title":"Canadian Tosca Grey Perle Tosca Tosca Black - Pedro G\u00f3mez Madrid","og_description":"El m\u00edtico plumas canadiense de Pedro G\u00f3mez Madrid con el tejido premium Tosca en color gris perle y negro. \u00a1Fabricado artesanalmente en Espa\u00f1a!","og_url":"https:\/\/pedrogomezmadrid.com\/en\/tienda\/plumiferos\/canadian-tosca-grey-perle-tosca-tosca-black\/","og_site_name":"Pedro G\u00f3mez Madrid","article_modified_time":"2023-03-09T20:47:40+00:00","og_image":[{"width":980,"height":1120,"url":"https:\/\/pedrogomezmadrid.com\/wp-content\/uploads\/2022\/11\/CanadienseToscaGrisToscaNegro.jpg","type":"image\/jpeg"}],"twitter_card":"summary_large_image","twitter_misc":{"Est. reading time":"1 minute"},"schema":{"@context":"https:\/\/schema.org","@graph":[{"@type":"WebPage","@id":"https:\/\/pedrogomezmadrid.com\/en\/tienda\/plumiferos\/canadian-tosca-grey-perle-tosca-tosca-black\/","url":"https:\/\/pedrogomezmadrid.com\/en\/tienda\/plumiferos\/canadian-tosca-grey-perle-tosca-tosca-black\/","name":"Canadian Tosca Grey Perle Tosca Tosca Black - Pedro G\u00f3mez Madrid","isPartOf":{"@id":"https:\/\/pedrogomezmadrid.com\/#website"},"primaryImageOfPage":{"@id":"https:\/\/pedrogomezmadrid.com\/en\/tienda\/plumiferos\/canadian-tosca-grey-perle-tosca-tosca-black\/#primaryimage"},"image":{"@id":"https:\/\/pedrogomezmadrid.com\/en\/tienda\/plumiferos\/canadian-tosca-grey-perle-tosca-tosca-black\/#primaryimage"},"thumbnailUrl":"https:\/\/pedrogomezmadrid.com\/wp-content\/uploads\/2022\/11\/CanadienseToscaGrisToscaNegro.jpg","datePublished":"2022-11-02T15:19:54+00:00","dateModified":"2023-03-09T20:47:40+00:00","description":"El m\u00edtico plumas canadiense de Pedro G\u00f3mez Madrid con el tejido premium Tosca en color gris perle y negro. \u00a1Fabricado artesanalmente en Espa\u00f1a!","breadcrumb":{"@id":"https:\/\/pedrogomezmadrid.com\/en\/tienda\/plumiferos\/canadian-tosca-grey-perle-tosca-tosca-black\/#breadcrumb"},"inLanguage":"en-US","potentialAction":[{"@type":"ReadAction","target":["https:\/\/pedrogomezmadrid.com\/en\/tienda\/plumiferos\/canadian-tosca-grey-perle-tosca-tosca-black\/"]}]},{"@type":"ImageObject","inLanguage":"en-US","@id":"https:\/\/pedrogomezmadrid.com\/en\/tienda\/plumiferos\/canadian-tosca-grey-perle-tosca-tosca-black\/#primaryimage","url":"https:\/\/pedrogomezmadrid.com\/wp-content\/uploads\/2022\/11\/CanadienseToscaGrisToscaNegro.jpg","contentUrl":"https:\/\/pedrogomezmadrid.com\/wp-content\/uploads\/2022\/11\/CanadienseToscaGrisToscaNegro.jpg","width":980,"height":1120},{"@type":"BreadcrumbList","@id":"https:\/\/pedrogomezmadrid.com\/en\/tienda\/plumiferos\/canadian-tosca-grey-perle-tosca-tosca-black\/#breadcrumb","itemListElement":[{"@type":"ListItem","position":1,"name":"Portada","item":"https:\/\/pedrogomezmadrid.com\/en\/"},{"@type":"ListItem","position":2,"name":"Tienda","item":"https:\/\/pedrogomezmadrid.com\/tienda\/"},{"@type":"ListItem","position":3,"name":"Canadian Tosca Grey Perle Tosca Tosca Black"}]},{"@type":"WebSite","@id":"https:\/\/pedrogomezmadrid.com\/#website","url":"https:\/\/pedrogomezmadrid.com\/","name":"Pedro G\u00f3mez Madrid","description":"Vuelve la leyenda de los mejores plum\u00edferos del mundo","potentialAction":[{"@type":"SearchAction","target":{"@type":"EntryPoint","urlTemplate":"https:\/\/pedrogomezmadrid.com\/?s={search_term_string}"},"query-input":{"@type":"PropertyValueSpecification","valueRequired":true,"valueName":"search_term_string"}}],"inLanguage":"en-US"}]}},"_links":{"self":[{"href":"https:\/\/pedrogomezmadrid.com\/en\/wp-json\/wp\/v2\/product\/51216","targetHints":{"allow":["GET"]}}],"collection":[{"href":"https:\/\/pedrogomezmadrid.com\/en\/wp-json\/wp\/v2\/product"}],"about":[{"href":"https:\/\/pedrogomezmadrid.com\/en\/wp-json\/wp\/v2\/types\/product"}],"wp:featuredmedia":[{"embeddable":true,"href":"https:\/\/pedrogomezmadrid.com\/en\/wp-json\/wp\/v2\/media\/54270"}],"wp:attachment":[{"href":"https:\/\/pedrogomezmadrid.com\/en\/wp-json\/wp\/v2\/media?parent=51216"}],"wp:term":[{"taxonomy":"product_brand","embeddable":true,"href":"https:\/\/pedrogomezmadrid.com\/en\/wp-json\/wp\/v2\/product_brand?post=51216"},{"taxonomy":"product_cat","embeddable":true,"href":"https:\/\/pedrogomezmadrid.com\/en\/wp-json\/wp\/v2\/product_cat?post=51216"},{"taxonomy":"product_tag","embeddable":true,"href":"https:\/\/pedrogomezmadrid.com\/en\/wp-json\/wp\/v2\/product_tag?post=51216"}],"curies":[{"name":"wp","href":"https:\/\/api.w.org\/{rel}","templated":true}]}}