{"id":51225,"date":"2022-12-01T13:13:49","date_gmt":"2022-12-01T12:13:49","guid":{"rendered":"https:\/\/pedrogomezmadrid.com\/producto\/chaleco-cafe-leather-lana-borrego\/"},"modified":"2025-03-12T00:00:16","modified_gmt":"2025-03-11T23:00:16","slug":"cafe-leather-borrego-wool-vest","status":"publish","type":"product","link":"https:\/\/pedrogomezmadrid.com\/en\/tienda\/plumiferos\/cafe-leather-borrego-wool-vest\/","title":{"rendered":"Cafe Leather Borrego Wool Vest"},"content":{"rendered":"<p class=\"p1\">Manufactured 100% in Spain. Body and yoke 100% virgin wool. Lining 100% cotton.<\/p>\n<p class=\"p1\">This special model has 4 cm longer than the original pattern, lamb collar, exterior side pockets and genuine leather details on the handle and exterior and interior labels. Also, the cells have been stylized with the zipper to the end of the collar.<\/p>\n<p class=\"p1\">Burel virgin wool outer fabric.<\/p>\n<p class=\"p1\">Burel is a traditional fabric made with 100% sheep wool. Its medieval origin has always been associated with the Portuguese mountains, shepherds and their capes. The authenticity of this exciting fabric is the result of a series of artisan processes learned from generation to generation. These processes give the fabric its characteristic durability and impermeability.<\/p>\n<p class=\"p1\">After the sheep are sheared, the wool is washed, spun and woven on a traditional loom. Once the wool is woven, it undergoes a water bath while it is beaten by wooden rods, giving it the resistance and impermeability that characterize it.<\/p>\n","protected":false},"excerpt":{"rendered":"<p class=\"p1\">Special collaboration with Cafe Leather.<\/p>\n<p class=\"p1\">200 g. of genuine DUVET<span class=\"s1\">\u00ae\ufe0f<\/span> feather for size 3. All other sizes have filler proportional to size.<\/p>\n<p class=\"p1\">Body and yoke in special Cafe Leather Lana Virgen fabric and inner lining in Liberty fabric with floral print.<\/p>\n","protected":false},"featured_media":50928,"template":"","meta":[],"product_brand":[],"product_cat":[277,266],"product_tag":[],"class_list":{"0":"post-51225","1":"product","2":"type-product","3":"status-publish","4":"has-post-thumbnail","6":"product_cat-cafe-leather-vest","7":"product_cat-vest","9":"first","10":"instock","11":"sale","12":"taxable","13":"shipping-taxable","14":"purchasable","15":"product-type-variable","16":"has-default-attributes"},"yoast_head":"<!-- This site is optimized with the Yoast SEO plugin v27.4 - https:\/\/yoast.com\/product\/yoast-seo-wordpress\/ -->\n<title>Cafe Leather Borrego Wool Vest - Pedro G\u00f3mez Madrid<\/title>\n<meta name=\"description\" content=\"El cl\u00e1sico chaleco de Pedro G\u00f3mez Madrid en colaboraci\u00f3n con Caf\u00e9 Leather. Fabricado artesanalmente en Espa\u00f1a, disfruta de su Lana Herringbone.\" \/>\n<meta name=\"robots\" content=\"index, follow, max-snippet:-1, max-image-preview:large, max-video-preview:-1\" \/>\n<link rel=\"canonical\" href=\"https:\/\/pedrogomezmadrid.com\/tienda\/plumiferos\/chaleco-cafe-leather-lana-borrego\/\" \/>\n<meta property=\"og:locale\" content=\"en_US\" \/>\n<meta property=\"og:type\" content=\"article\" \/>\n<meta property=\"og:title\" content=\"Cafe Leather Borrego Wool Vest - Pedro G\u00f3mez Madrid\" \/>\n<meta property=\"og:description\" content=\"El cl\u00e1sico chaleco de Pedro G\u00f3mez Madrid en colaboraci\u00f3n con Caf\u00e9 Leather. Fabricado artesanalmente en Espa\u00f1a, disfruta de su Lana Herringbone.\" \/>\n<meta property=\"og:url\" content=\"https:\/\/pedrogomezmadrid.com\/tienda\/plumiferos\/chaleco-cafe-leather-lana-borrego\/\" \/>\n<meta property=\"og:site_name\" content=\"Pedro G\u00f3mez Madrid\" \/>\n<meta property=\"article:modified_time\" content=\"2025-03-11T23:00:16+00:00\" \/>\n<meta property=\"og:image\" content=\"https:\/\/pedrogomezmadrid.com\/wp-content\/uploads\/2022\/12\/ChalecoCLLanaBorrego.jpg\" \/>\n\t<meta property=\"og:image:width\" content=\"980\" \/>\n\t<meta property=\"og:image:height\" content=\"1120\" \/>\n\t<meta property=\"og:image:type\" content=\"image\/jpeg\" \/>\n<meta name=\"twitter:card\" content=\"summary_large_image\" \/>\n<meta name=\"twitter:label1\" content=\"Est. reading time\" \/>\n\t<meta name=\"twitter:data1\" content=\"1 minute\" \/>\n<script type=\"application\/ld+json\" class=\"yoast-schema-graph\">{\"@context\":\"https:\\\/\\\/schema.org\",\"@graph\":[{\"@type\":\"WebPage\",\"@id\":\"https:\\\/\\\/pedrogomezmadrid.com\\\/tienda\\\/plumiferos\\\/chaleco-cafe-leather-lana-borrego\\\/\",\"url\":\"https:\\\/\\\/pedrogomezmadrid.com\\\/tienda\\\/plumiferos\\\/chaleco-cafe-leather-lana-borrego\\\/\",\"name\":\"Cafe Leather Borrego Wool Vest - Pedro G\u00f3mez Madrid\",\"isPartOf\":{\"@id\":\"https:\\\/\\\/pedrogomezmadrid.com\\\/#website\"},\"primaryImageOfPage\":{\"@id\":\"https:\\\/\\\/pedrogomezmadrid.com\\\/tienda\\\/plumiferos\\\/chaleco-cafe-leather-lana-borrego\\\/#primaryimage\"},\"image\":{\"@id\":\"https:\\\/\\\/pedrogomezmadrid.com\\\/tienda\\\/plumiferos\\\/chaleco-cafe-leather-lana-borrego\\\/#primaryimage\"},\"thumbnailUrl\":\"https:\\\/\\\/pedrogomezmadrid.com\\\/wp-content\\\/uploads\\\/2022\\\/12\\\/ChalecoCLLanaBorrego.jpg\",\"datePublished\":\"2022-12-01T12:13:49+00:00\",\"dateModified\":\"2025-03-11T23:00:16+00:00\",\"description\":\"El cl\u00e1sico chaleco de Pedro G\u00f3mez Madrid en colaboraci\u00f3n con Caf\u00e9 Leather. Fabricado artesanalmente en Espa\u00f1a, disfruta de su Lana Herringbone.\",\"breadcrumb\":{\"@id\":\"https:\\\/\\\/pedrogomezmadrid.com\\\/tienda\\\/plumiferos\\\/chaleco-cafe-leather-lana-borrego\\\/#breadcrumb\"},\"inLanguage\":\"en-US\",\"potentialAction\":[{\"@type\":\"ReadAction\",\"target\":[\"https:\\\/\\\/pedrogomezmadrid.com\\\/tienda\\\/plumiferos\\\/chaleco-cafe-leather-lana-borrego\\\/\"]}]},{\"@type\":\"ImageObject\",\"inLanguage\":\"en-US\",\"@id\":\"https:\\\/\\\/pedrogomezmadrid.com\\\/tienda\\\/plumiferos\\\/chaleco-cafe-leather-lana-borrego\\\/#primaryimage\",\"url\":\"https:\\\/\\\/pedrogomezmadrid.com\\\/wp-content\\\/uploads\\\/2022\\\/12\\\/ChalecoCLLanaBorrego.jpg\",\"contentUrl\":\"https:\\\/\\\/pedrogomezmadrid.com\\\/wp-content\\\/uploads\\\/2022\\\/12\\\/ChalecoCLLanaBorrego.jpg\",\"width\":980,\"height\":1120},{\"@type\":\"BreadcrumbList\",\"@id\":\"https:\\\/\\\/pedrogomezmadrid.com\\\/tienda\\\/plumiferos\\\/chaleco-cafe-leather-lana-borrego\\\/#breadcrumb\",\"itemListElement\":[{\"@type\":\"ListItem\",\"position\":1,\"name\":\"Portada\",\"item\":\"https:\\\/\\\/pedrogomezmadrid.com\\\/en\\\/\"},{\"@type\":\"ListItem\",\"position\":2,\"name\":\"Tienda\",\"item\":\"https:\\\/\\\/pedrogomezmadrid.com\\\/tienda\\\/\"},{\"@type\":\"ListItem\",\"position\":3,\"name\":\"Cafe Leather Borrego Wool Vest\"}]},{\"@type\":\"WebSite\",\"@id\":\"https:\\\/\\\/pedrogomezmadrid.com\\\/#website\",\"url\":\"https:\\\/\\\/pedrogomezmadrid.com\\\/\",\"name\":\"Pedro G\u00f3mez Madrid\",\"description\":\"Vuelve la leyenda de los mejores plum\u00edferos del mundo\",\"potentialAction\":[{\"@type\":\"SearchAction\",\"target\":{\"@type\":\"EntryPoint\",\"urlTemplate\":\"https:\\\/\\\/pedrogomezmadrid.com\\\/?s={search_term_string}\"},\"query-input\":{\"@type\":\"PropertyValueSpecification\",\"valueRequired\":true,\"valueName\":\"search_term_string\"}}],\"inLanguage\":\"en-US\"}]}<\/script>\n<!-- \/ Yoast SEO plugin. -->","yoast_head_json":{"title":"Cafe Leather Borrego Wool Vest - Pedro G\u00f3mez Madrid","description":"El cl\u00e1sico chaleco de Pedro G\u00f3mez Madrid en colaboraci\u00f3n con Caf\u00e9 Leather. Fabricado artesanalmente en Espa\u00f1a, disfruta de su Lana Herringbone.","robots":{"index":"index","follow":"follow","max-snippet":"max-snippet:-1","max-image-preview":"max-image-preview:large","max-video-preview":"max-video-preview:-1"},"canonical":"https:\/\/pedrogomezmadrid.com\/tienda\/plumiferos\/chaleco-cafe-leather-lana-borrego\/","og_locale":"en_US","og_type":"article","og_title":"Cafe Leather Borrego Wool Vest - Pedro G\u00f3mez Madrid","og_description":"El cl\u00e1sico chaleco de Pedro G\u00f3mez Madrid en colaboraci\u00f3n con Caf\u00e9 Leather. Fabricado artesanalmente en Espa\u00f1a, disfruta de su Lana Herringbone.","og_url":"https:\/\/pedrogomezmadrid.com\/tienda\/plumiferos\/chaleco-cafe-leather-lana-borrego\/","og_site_name":"Pedro G\u00f3mez Madrid","article_modified_time":"2025-03-11T23:00:16+00:00","og_image":[{"width":980,"height":1120,"url":"https:\/\/pedrogomezmadrid.com\/wp-content\/uploads\/2022\/12\/ChalecoCLLanaBorrego.jpg","type":"image\/jpeg"}],"twitter_card":"summary_large_image","twitter_misc":{"Est. reading time":"1 minute"},"schema":{"@context":"https:\/\/schema.org","@graph":[{"@type":"WebPage","@id":"https:\/\/pedrogomezmadrid.com\/tienda\/plumiferos\/chaleco-cafe-leather-lana-borrego\/","url":"https:\/\/pedrogomezmadrid.com\/tienda\/plumiferos\/chaleco-cafe-leather-lana-borrego\/","name":"Cafe Leather Borrego Wool Vest - Pedro G\u00f3mez Madrid","isPartOf":{"@id":"https:\/\/pedrogomezmadrid.com\/#website"},"primaryImageOfPage":{"@id":"https:\/\/pedrogomezmadrid.com\/tienda\/plumiferos\/chaleco-cafe-leather-lana-borrego\/#primaryimage"},"image":{"@id":"https:\/\/pedrogomezmadrid.com\/tienda\/plumiferos\/chaleco-cafe-leather-lana-borrego\/#primaryimage"},"thumbnailUrl":"https:\/\/pedrogomezmadrid.com\/wp-content\/uploads\/2022\/12\/ChalecoCLLanaBorrego.jpg","datePublished":"2022-12-01T12:13:49+00:00","dateModified":"2025-03-11T23:00:16+00:00","description":"El cl\u00e1sico chaleco de Pedro G\u00f3mez Madrid en colaboraci\u00f3n con Caf\u00e9 Leather. Fabricado artesanalmente en Espa\u00f1a, disfruta de su Lana Herringbone.","breadcrumb":{"@id":"https:\/\/pedrogomezmadrid.com\/tienda\/plumiferos\/chaleco-cafe-leather-lana-borrego\/#breadcrumb"},"inLanguage":"en-US","potentialAction":[{"@type":"ReadAction","target":["https:\/\/pedrogomezmadrid.com\/tienda\/plumiferos\/chaleco-cafe-leather-lana-borrego\/"]}]},{"@type":"ImageObject","inLanguage":"en-US","@id":"https:\/\/pedrogomezmadrid.com\/tienda\/plumiferos\/chaleco-cafe-leather-lana-borrego\/#primaryimage","url":"https:\/\/pedrogomezmadrid.com\/wp-content\/uploads\/2022\/12\/ChalecoCLLanaBorrego.jpg","contentUrl":"https:\/\/pedrogomezmadrid.com\/wp-content\/uploads\/2022\/12\/ChalecoCLLanaBorrego.jpg","width":980,"height":1120},{"@type":"BreadcrumbList","@id":"https:\/\/pedrogomezmadrid.com\/tienda\/plumiferos\/chaleco-cafe-leather-lana-borrego\/#breadcrumb","itemListElement":[{"@type":"ListItem","position":1,"name":"Portada","item":"https:\/\/pedrogomezmadrid.com\/en\/"},{"@type":"ListItem","position":2,"name":"Tienda","item":"https:\/\/pedrogomezmadrid.com\/tienda\/"},{"@type":"ListItem","position":3,"name":"Cafe Leather Borrego Wool Vest"}]},{"@type":"WebSite","@id":"https:\/\/pedrogomezmadrid.com\/#website","url":"https:\/\/pedrogomezmadrid.com\/","name":"Pedro G\u00f3mez Madrid","description":"Vuelve la leyenda de los mejores plum\u00edferos del mundo","potentialAction":[{"@type":"SearchAction","target":{"@type":"EntryPoint","urlTemplate":"https:\/\/pedrogomezmadrid.com\/?s={search_term_string}"},"query-input":{"@type":"PropertyValueSpecification","valueRequired":true,"valueName":"search_term_string"}}],"inLanguage":"en-US"}]}},"_links":{"self":[{"href":"https:\/\/pedrogomezmadrid.com\/en\/wp-json\/wp\/v2\/product\/51225","targetHints":{"allow":["GET"]}}],"collection":[{"href":"https:\/\/pedrogomezmadrid.com\/en\/wp-json\/wp\/v2\/product"}],"about":[{"href":"https:\/\/pedrogomezmadrid.com\/en\/wp-json\/wp\/v2\/types\/product"}],"wp:featuredmedia":[{"embeddable":true,"href":"https:\/\/pedrogomezmadrid.com\/en\/wp-json\/wp\/v2\/media\/50928"}],"wp:attachment":[{"href":"https:\/\/pedrogomezmadrid.com\/en\/wp-json\/wp\/v2\/media?parent=51225"}],"wp:term":[{"taxonomy":"product_brand","embeddable":true,"href":"https:\/\/pedrogomezmadrid.com\/en\/wp-json\/wp\/v2\/product_brand?post=51225"},{"taxonomy":"product_cat","embeddable":true,"href":"https:\/\/pedrogomezmadrid.com\/en\/wp-json\/wp\/v2\/product_cat?post=51225"},{"taxonomy":"product_tag","embeddable":true,"href":"https:\/\/pedrogomezmadrid.com\/en\/wp-json\/wp\/v2\/product_tag?post=51225"}],"curies":[{"name":"wp","href":"https:\/\/api.w.org\/{rel}","templated":true}]}}