{"id":51226,"date":"2022-11-30T18:20:09","date_gmt":"2022-11-30T17:20:09","guid":{"rendered":"https:\/\/pedrogomezmadrid.com\/producto\/chaleco-cafe-leather-lana-herringbone-piel\/"},"modified":"2025-03-12T00:00:17","modified_gmt":"2025-03-11T23:00:17","slug":"cafe-leather-herringbone-wool-leather-vest","status":"publish","type":"product","link":"https:\/\/pedrogomezmadrid.com\/en\/tienda\/plumiferos\/cafe-leather-herringbone-wool-leather-vest\/","title":{"rendered":"Cafe Leather Herringbone Wool Leather Vest"},"content":{"rendered":"<p class=\"p1\">Special collaboration with Cafe Leather.<\/p>\n<p class=\"p1\">200 g. of genuine DUVET<span class=\"s1\">\u00ae\ufe0f<\/span> feather for size 3. All other sizes have padding proportional to size.<\/p>\n<p class=\"p1\">Body in special Cafe Leather Lana Virgen fabric, yoke in natural leather in light brown color and inner lining in special Cafe Leather Lana capolavoro fabric.<\/p>\n<p class=\"p1\">This special model has 4 cm longer than the original pattern, exterior side pockets and genuine leather details on the handle and exterior and interior labels. Also, the cells have been stylized with the zipper to the end of the collar.<\/p>\n","protected":false},"excerpt":{"rendered":"<p class=\"p1\">Outer fabric virgin wool Herringbone.<\/p>\n<p class=\"p1\">200 g. of genuine DUVET<span class=\"s1\">\u00ae\ufe0f<\/span> feather for size 3. All other sizes have filler proportional to size.<\/p>\n<p class=\"p1\">Body in special Cafe Leather Lana Virgen fabric, yoke in natural leather in light brown color and inner lining in special Cafe Leather Lana capolavoro fabric.<\/p>\n","protected":false},"featured_media":50916,"template":"","meta":[],"product_cat":[270,264,266,277],"product_tag":[],"class_list":{"0":"post-51226","1":"product","2":"type-product","3":"status-publish","4":"has-post-thumbnail","6":"product_cat-shop","7":"product_cat-men","8":"product_cat-vest","9":"product_cat-cafe-leather-vest","11":"first","12":"outofstock","13":"sale","14":"taxable","15":"shipping-taxable","16":"purchasable","17":"product-type-variable","18":"has-default-attributes"},"yoast_head":"<!-- This site is optimized with the Yoast SEO plugin v24.0 - https:\/\/yoast.com\/wordpress\/plugins\/seo\/ -->\n<title>Cafe Leather Herringbone Wool Leather Vest - Pedro G\u00f3mez Madrid<\/title>\n<meta name=\"description\" content=\"El cl\u00e1sico chaleco de Pedro G\u00f3mez Madrid en colaboraci\u00f3n con Caf\u00e9 Leather. Fabricado artesanalmente en Espa\u00f1a, disfruta de su Lana Herringbone.\" \/>\n<meta name=\"robots\" content=\"index, follow, max-snippet:-1, max-image-preview:large, max-video-preview:-1\" \/>\n<link rel=\"canonical\" href=\"https:\/\/pedrogomezmadrid.com\/en\/tienda\/plumiferos\/cafe-leather-herringbone-wool-leather-vest\/\" \/>\n<meta property=\"og:locale\" content=\"en_US\" \/>\n<meta property=\"og:type\" content=\"article\" \/>\n<meta property=\"og:title\" content=\"Cafe Leather Herringbone Wool Leather Vest - Pedro G\u00f3mez Madrid\" \/>\n<meta property=\"og:description\" content=\"El cl\u00e1sico chaleco de Pedro G\u00f3mez Madrid en colaboraci\u00f3n con Caf\u00e9 Leather. Fabricado artesanalmente en Espa\u00f1a, disfruta de su Lana Herringbone.\" \/>\n<meta property=\"og:url\" content=\"https:\/\/pedrogomezmadrid.com\/en\/tienda\/plumiferos\/cafe-leather-herringbone-wool-leather-vest\/\" \/>\n<meta property=\"og:site_name\" content=\"Pedro G\u00f3mez Madrid\" \/>\n<meta property=\"article:modified_time\" content=\"2025-03-11T23:00:17+00:00\" \/>\n<meta property=\"og:image\" content=\"https:\/\/pedrogomezmadrid.com\/wp-content\/uploads\/2022\/11\/ChalecoCLHerringbone.jpg\" \/>\n\t<meta property=\"og:image:width\" content=\"980\" \/>\n\t<meta property=\"og:image:height\" content=\"1120\" \/>\n\t<meta property=\"og:image:type\" content=\"image\/jpeg\" \/>\n<meta name=\"twitter:card\" content=\"summary_large_image\" \/>\n<meta name=\"twitter:label1\" content=\"Est. reading time\" \/>\n\t<meta name=\"twitter:data1\" content=\"1 minute\" \/>\n<script type=\"application\/ld+json\" class=\"yoast-schema-graph\">{\"@context\":\"https:\/\/schema.org\",\"@graph\":[{\"@type\":\"WebPage\",\"@id\":\"https:\/\/pedrogomezmadrid.com\/en\/tienda\/plumiferos\/cafe-leather-herringbone-wool-leather-vest\/\",\"url\":\"https:\/\/pedrogomezmadrid.com\/en\/tienda\/plumiferos\/cafe-leather-herringbone-wool-leather-vest\/\",\"name\":\"Cafe Leather Herringbone Wool Leather Vest - Pedro G\u00f3mez Madrid\",\"isPartOf\":{\"@id\":\"https:\/\/pedrogomezmadrid.com\/#website\"},\"primaryImageOfPage\":{\"@id\":\"https:\/\/pedrogomezmadrid.com\/en\/tienda\/plumiferos\/cafe-leather-herringbone-wool-leather-vest\/#primaryimage\"},\"image\":{\"@id\":\"https:\/\/pedrogomezmadrid.com\/en\/tienda\/plumiferos\/cafe-leather-herringbone-wool-leather-vest\/#primaryimage\"},\"thumbnailUrl\":\"https:\/\/pedrogomezmadrid.com\/wp-content\/uploads\/2022\/11\/ChalecoCLHerringbone.jpg\",\"datePublished\":\"2022-11-30T17:20:09+00:00\",\"dateModified\":\"2025-03-11T23:00:17+00:00\",\"description\":\"El cl\u00e1sico chaleco de Pedro G\u00f3mez Madrid en colaboraci\u00f3n con Caf\u00e9 Leather. Fabricado artesanalmente en Espa\u00f1a, disfruta de su Lana Herringbone.\",\"breadcrumb\":{\"@id\":\"https:\/\/pedrogomezmadrid.com\/en\/tienda\/plumiferos\/cafe-leather-herringbone-wool-leather-vest\/#breadcrumb\"},\"inLanguage\":\"en-US\",\"potentialAction\":[{\"@type\":\"ReadAction\",\"target\":[\"https:\/\/pedrogomezmadrid.com\/en\/tienda\/plumiferos\/cafe-leather-herringbone-wool-leather-vest\/\"]}]},{\"@type\":\"ImageObject\",\"inLanguage\":\"en-US\",\"@id\":\"https:\/\/pedrogomezmadrid.com\/en\/tienda\/plumiferos\/cafe-leather-herringbone-wool-leather-vest\/#primaryimage\",\"url\":\"https:\/\/pedrogomezmadrid.com\/wp-content\/uploads\/2022\/11\/ChalecoCLHerringbone.jpg\",\"contentUrl\":\"https:\/\/pedrogomezmadrid.com\/wp-content\/uploads\/2022\/11\/ChalecoCLHerringbone.jpg\",\"width\":980,\"height\":1120},{\"@type\":\"BreadcrumbList\",\"@id\":\"https:\/\/pedrogomezmadrid.com\/en\/tienda\/plumiferos\/cafe-leather-herringbone-wool-leather-vest\/#breadcrumb\",\"itemListElement\":[{\"@type\":\"ListItem\",\"position\":1,\"name\":\"Portada\",\"item\":\"https:\/\/pedrogomezmadrid.com\/en\/\"},{\"@type\":\"ListItem\",\"position\":2,\"name\":\"Tienda\",\"item\":\"https:\/\/pedrogomezmadrid.com\/tienda\/\"},{\"@type\":\"ListItem\",\"position\":3,\"name\":\"Cafe Leather Herringbone Wool Leather Vest\"}]},{\"@type\":\"WebSite\",\"@id\":\"https:\/\/pedrogomezmadrid.com\/#website\",\"url\":\"https:\/\/pedrogomezmadrid.com\/\",\"name\":\"Pedro G\u00f3mez Madrid\",\"description\":\"Vuelve la leyenda de los mejores plum\u00edferos del mundo\",\"potentialAction\":[{\"@type\":\"SearchAction\",\"target\":{\"@type\":\"EntryPoint\",\"urlTemplate\":\"https:\/\/pedrogomezmadrid.com\/?s={search_term_string}\"},\"query-input\":{\"@type\":\"PropertyValueSpecification\",\"valueRequired\":true,\"valueName\":\"search_term_string\"}}],\"inLanguage\":\"en-US\"}]}<\/script>\n<!-- \/ Yoast SEO plugin. -->","yoast_head_json":{"title":"Cafe Leather Herringbone Wool Leather Vest - Pedro G\u00f3mez Madrid","description":"El cl\u00e1sico chaleco de Pedro G\u00f3mez Madrid en colaboraci\u00f3n con Caf\u00e9 Leather. Fabricado artesanalmente en Espa\u00f1a, disfruta de su Lana Herringbone.","robots":{"index":"index","follow":"follow","max-snippet":"max-snippet:-1","max-image-preview":"max-image-preview:large","max-video-preview":"max-video-preview:-1"},"canonical":"https:\/\/pedrogomezmadrid.com\/en\/tienda\/plumiferos\/cafe-leather-herringbone-wool-leather-vest\/","og_locale":"en_US","og_type":"article","og_title":"Cafe Leather Herringbone Wool Leather Vest - Pedro G\u00f3mez Madrid","og_description":"El cl\u00e1sico chaleco de Pedro G\u00f3mez Madrid en colaboraci\u00f3n con Caf\u00e9 Leather. Fabricado artesanalmente en Espa\u00f1a, disfruta de su Lana Herringbone.","og_url":"https:\/\/pedrogomezmadrid.com\/en\/tienda\/plumiferos\/cafe-leather-herringbone-wool-leather-vest\/","og_site_name":"Pedro G\u00f3mez Madrid","article_modified_time":"2025-03-11T23:00:17+00:00","og_image":[{"width":980,"height":1120,"url":"https:\/\/pedrogomezmadrid.com\/wp-content\/uploads\/2022\/11\/ChalecoCLHerringbone.jpg","type":"image\/jpeg"}],"twitter_card":"summary_large_image","twitter_misc":{"Est. reading time":"1 minute"},"schema":{"@context":"https:\/\/schema.org","@graph":[{"@type":"WebPage","@id":"https:\/\/pedrogomezmadrid.com\/en\/tienda\/plumiferos\/cafe-leather-herringbone-wool-leather-vest\/","url":"https:\/\/pedrogomezmadrid.com\/en\/tienda\/plumiferos\/cafe-leather-herringbone-wool-leather-vest\/","name":"Cafe Leather Herringbone Wool Leather Vest - Pedro G\u00f3mez Madrid","isPartOf":{"@id":"https:\/\/pedrogomezmadrid.com\/#website"},"primaryImageOfPage":{"@id":"https:\/\/pedrogomezmadrid.com\/en\/tienda\/plumiferos\/cafe-leather-herringbone-wool-leather-vest\/#primaryimage"},"image":{"@id":"https:\/\/pedrogomezmadrid.com\/en\/tienda\/plumiferos\/cafe-leather-herringbone-wool-leather-vest\/#primaryimage"},"thumbnailUrl":"https:\/\/pedrogomezmadrid.com\/wp-content\/uploads\/2022\/11\/ChalecoCLHerringbone.jpg","datePublished":"2022-11-30T17:20:09+00:00","dateModified":"2025-03-11T23:00:17+00:00","description":"El cl\u00e1sico chaleco de Pedro G\u00f3mez Madrid en colaboraci\u00f3n con Caf\u00e9 Leather. Fabricado artesanalmente en Espa\u00f1a, disfruta de su Lana Herringbone.","breadcrumb":{"@id":"https:\/\/pedrogomezmadrid.com\/en\/tienda\/plumiferos\/cafe-leather-herringbone-wool-leather-vest\/#breadcrumb"},"inLanguage":"en-US","potentialAction":[{"@type":"ReadAction","target":["https:\/\/pedrogomezmadrid.com\/en\/tienda\/plumiferos\/cafe-leather-herringbone-wool-leather-vest\/"]}]},{"@type":"ImageObject","inLanguage":"en-US","@id":"https:\/\/pedrogomezmadrid.com\/en\/tienda\/plumiferos\/cafe-leather-herringbone-wool-leather-vest\/#primaryimage","url":"https:\/\/pedrogomezmadrid.com\/wp-content\/uploads\/2022\/11\/ChalecoCLHerringbone.jpg","contentUrl":"https:\/\/pedrogomezmadrid.com\/wp-content\/uploads\/2022\/11\/ChalecoCLHerringbone.jpg","width":980,"height":1120},{"@type":"BreadcrumbList","@id":"https:\/\/pedrogomezmadrid.com\/en\/tienda\/plumiferos\/cafe-leather-herringbone-wool-leather-vest\/#breadcrumb","itemListElement":[{"@type":"ListItem","position":1,"name":"Portada","item":"https:\/\/pedrogomezmadrid.com\/en\/"},{"@type":"ListItem","position":2,"name":"Tienda","item":"https:\/\/pedrogomezmadrid.com\/tienda\/"},{"@type":"ListItem","position":3,"name":"Cafe Leather Herringbone Wool Leather Vest"}]},{"@type":"WebSite","@id":"https:\/\/pedrogomezmadrid.com\/#website","url":"https:\/\/pedrogomezmadrid.com\/","name":"Pedro G\u00f3mez Madrid","description":"Vuelve la leyenda de los mejores plum\u00edferos del mundo","potentialAction":[{"@type":"SearchAction","target":{"@type":"EntryPoint","urlTemplate":"https:\/\/pedrogomezmadrid.com\/?s={search_term_string}"},"query-input":{"@type":"PropertyValueSpecification","valueRequired":true,"valueName":"search_term_string"}}],"inLanguage":"en-US"}]}},"_links":{"self":[{"href":"https:\/\/pedrogomezmadrid.com\/en\/wp-json\/wp\/v2\/product\/51226","targetHints":{"allow":["GET"]}}],"collection":[{"href":"https:\/\/pedrogomezmadrid.com\/en\/wp-json\/wp\/v2\/product"}],"about":[{"href":"https:\/\/pedrogomezmadrid.com\/en\/wp-json\/wp\/v2\/types\/product"}],"wp:featuredmedia":[{"embeddable":true,"href":"https:\/\/pedrogomezmadrid.com\/en\/wp-json\/wp\/v2\/media\/50916"}],"wp:attachment":[{"href":"https:\/\/pedrogomezmadrid.com\/en\/wp-json\/wp\/v2\/media?parent=51226"}],"wp:term":[{"taxonomy":"product_cat","embeddable":true,"href":"https:\/\/pedrogomezmadrid.com\/en\/wp-json\/wp\/v2\/product_cat?post=51226"},{"taxonomy":"product_tag","embeddable":true,"href":"https:\/\/pedrogomezmadrid.com\/en\/wp-json\/wp\/v2\/product_tag?post=51226"}],"curies":[{"name":"wp","href":"https:\/\/api.w.org\/{rel}","templated":true}]}}