{"id":51228,"date":"2022-12-01T10:25:26","date_gmt":"2022-12-01T09:25:26","guid":{"rendered":"https:\/\/pedrogomezmadrid.com\/producto\/chaleco-cafe-leather-waxed-canvas\/"},"modified":"2025-10-21T00:00:03","modified_gmt":"2025-10-20T23:00:03","slug":"cafe-leather-waxed-canvas-vest","status":"publish","type":"product","link":"https:\/\/pedrogomezmadrid.com\/en\/tienda\/plumiferos\/cafe-leather-waxed-canvas-vest\/","title":{"rendered":"Cafe Leather Waxed Canvas Vest"},"content":{"rendered":"<p class=\"p1\">Manufactured 100% in Spain. Body and yoke 100% organic cotton. Lining 63% polyester and 37% polyamide.<\/p>\n<p class=\"p1\">This special model has 4 cm longer than the original pattern, exterior carpenter pockets with side opening and hook-and-eye fastener, genuine leather details on the handle and exterior and interior labels. Also, the cells have been stylized with the zipper to the end of the neck.<\/p>\n<p class=\"p1\">Waxed outer fabric with organic cotton.<\/p>\n<p class=\"p1\">The concept of waxed fabric was born in the early 15th century, when Scottish sailors in the North Sea fleets began using fish oils and animal fats. This made the fabrics more efficient, stronger and waterproof. When these sails eventually broke down over time, sailors used them as cloaks to protect themselves and keep dry.<\/p>\n<p class=\"p1\">This gave birth to the famous sailor&#8217;s raincoat, which became an essential tool for their work.<\/p>\n","protected":false},"excerpt":{"rendered":"<p class=\"p1\">Special collaboration with Cafe Leather.<\/p>\n<p class=\"p1\">200 g. of genuine DUVET<span class=\"s1\">\u00ae\ufe0f<\/span> down for size 3. All other sizes have padding proportional to size.<\/p>\n<p class=\"p1\">Body and yoke in special Cafe Leather Waxed Canvas fabric (waxed with organic cotton) and inner lining in Carrara fabric in Plum burgundy color.<\/p>\n","protected":false},"featured_media":50922,"template":"","meta":[],"product_brand":[],"product_cat":[],"product_tag":[],"class_list":{"0":"post-51228","1":"product","2":"type-product","3":"status-publish","4":"has-post-thumbnail","7":"first","8":"instock","9":"taxable","10":"shipping-taxable","11":"purchasable","12":"product-type-variable"},"yoast_head":"<!-- This site is optimized with the Yoast SEO plugin v27.4 - https:\/\/yoast.com\/product\/yoast-seo-wordpress\/ -->\n<title>Cafe Leather Waxed Canvas Vest - Pedro G\u00f3mez Madrid<\/title>\n<meta name=\"description\" content=\"El cl\u00e1sico chaleco de Pedro G\u00f3mez Madrid en colaboraci\u00f3n con Caf\u00e9 Leather. Fabricado artesanalmente en Espa\u00f1a, disfruta de su Waxed Canvas.\" \/>\n<meta name=\"robots\" content=\"index, follow, max-snippet:-1, max-image-preview:large, max-video-preview:-1\" \/>\n<link rel=\"canonical\" href=\"https:\/\/pedrogomezmadrid.com\/en\/tienda\/plumiferos\/cafe-leather-waxed-canvas-vest\/\" \/>\n<meta property=\"og:locale\" content=\"en_US\" \/>\n<meta property=\"og:type\" content=\"article\" \/>\n<meta property=\"og:title\" content=\"Cafe Leather Waxed Canvas Vest - Pedro G\u00f3mez Madrid\" \/>\n<meta property=\"og:description\" content=\"El cl\u00e1sico chaleco de Pedro G\u00f3mez Madrid en colaboraci\u00f3n con Caf\u00e9 Leather. Fabricado artesanalmente en Espa\u00f1a, disfruta de su Waxed Canvas.\" \/>\n<meta property=\"og:url\" content=\"https:\/\/pedrogomezmadrid.com\/en\/tienda\/plumiferos\/cafe-leather-waxed-canvas-vest\/\" \/>\n<meta property=\"og:site_name\" content=\"Pedro G\u00f3mez Madrid\" \/>\n<meta property=\"article:modified_time\" content=\"2025-10-20T23:00:03+00:00\" \/>\n<meta property=\"og:image\" content=\"https:\/\/pedrogomezmadrid.com\/wp-content\/uploads\/2022\/12\/ChalecoCLWaxedCanvas.jpg\" \/>\n\t<meta property=\"og:image:width\" content=\"980\" \/>\n\t<meta property=\"og:image:height\" content=\"1120\" \/>\n\t<meta property=\"og:image:type\" content=\"image\/jpeg\" \/>\n<meta name=\"twitter:card\" content=\"summary_large_image\" \/>\n<meta name=\"twitter:label1\" content=\"Est. reading time\" \/>\n\t<meta name=\"twitter:data1\" content=\"1 minute\" \/>\n<script type=\"application\/ld+json\" class=\"yoast-schema-graph\">{\"@context\":\"https:\\\/\\\/schema.org\",\"@graph\":[{\"@type\":\"WebPage\",\"@id\":\"https:\\\/\\\/pedrogomezmadrid.com\\\/en\\\/tienda\\\/plumiferos\\\/cafe-leather-waxed-canvas-vest\\\/\",\"url\":\"https:\\\/\\\/pedrogomezmadrid.com\\\/en\\\/tienda\\\/plumiferos\\\/cafe-leather-waxed-canvas-vest\\\/\",\"name\":\"Cafe Leather Waxed Canvas Vest - Pedro G\u00f3mez Madrid\",\"isPartOf\":{\"@id\":\"https:\\\/\\\/pedrogomezmadrid.com\\\/#website\"},\"primaryImageOfPage\":{\"@id\":\"https:\\\/\\\/pedrogomezmadrid.com\\\/en\\\/tienda\\\/plumiferos\\\/cafe-leather-waxed-canvas-vest\\\/#primaryimage\"},\"image\":{\"@id\":\"https:\\\/\\\/pedrogomezmadrid.com\\\/en\\\/tienda\\\/plumiferos\\\/cafe-leather-waxed-canvas-vest\\\/#primaryimage\"},\"thumbnailUrl\":\"https:\\\/\\\/pedrogomezmadrid.com\\\/wp-content\\\/uploads\\\/2022\\\/12\\\/ChalecoCLWaxedCanvas.jpg\",\"datePublished\":\"2022-12-01T09:25:26+00:00\",\"dateModified\":\"2025-10-20T23:00:03+00:00\",\"description\":\"El cl\u00e1sico chaleco de Pedro G\u00f3mez Madrid en colaboraci\u00f3n con Caf\u00e9 Leather. Fabricado artesanalmente en Espa\u00f1a, disfruta de su Waxed Canvas.\",\"breadcrumb\":{\"@id\":\"https:\\\/\\\/pedrogomezmadrid.com\\\/en\\\/tienda\\\/plumiferos\\\/cafe-leather-waxed-canvas-vest\\\/#breadcrumb\"},\"inLanguage\":\"en-US\",\"potentialAction\":[{\"@type\":\"ReadAction\",\"target\":[\"https:\\\/\\\/pedrogomezmadrid.com\\\/en\\\/tienda\\\/plumiferos\\\/cafe-leather-waxed-canvas-vest\\\/\"]}]},{\"@type\":\"ImageObject\",\"inLanguage\":\"en-US\",\"@id\":\"https:\\\/\\\/pedrogomezmadrid.com\\\/en\\\/tienda\\\/plumiferos\\\/cafe-leather-waxed-canvas-vest\\\/#primaryimage\",\"url\":\"https:\\\/\\\/pedrogomezmadrid.com\\\/wp-content\\\/uploads\\\/2022\\\/12\\\/ChalecoCLWaxedCanvas.jpg\",\"contentUrl\":\"https:\\\/\\\/pedrogomezmadrid.com\\\/wp-content\\\/uploads\\\/2022\\\/12\\\/ChalecoCLWaxedCanvas.jpg\",\"width\":980,\"height\":1120},{\"@type\":\"BreadcrumbList\",\"@id\":\"https:\\\/\\\/pedrogomezmadrid.com\\\/en\\\/tienda\\\/plumiferos\\\/cafe-leather-waxed-canvas-vest\\\/#breadcrumb\",\"itemListElement\":[{\"@type\":\"ListItem\",\"position\":1,\"name\":\"Portada\",\"item\":\"https:\\\/\\\/pedrogomezmadrid.com\\\/en\\\/\"},{\"@type\":\"ListItem\",\"position\":2,\"name\":\"Tienda\",\"item\":\"https:\\\/\\\/pedrogomezmadrid.com\\\/tienda\\\/\"},{\"@type\":\"ListItem\",\"position\":3,\"name\":\"Cafe Leather Waxed Canvas Vest\"}]},{\"@type\":\"WebSite\",\"@id\":\"https:\\\/\\\/pedrogomezmadrid.com\\\/#website\",\"url\":\"https:\\\/\\\/pedrogomezmadrid.com\\\/\",\"name\":\"Pedro G\u00f3mez Madrid\",\"description\":\"Vuelve la leyenda de los mejores plum\u00edferos del mundo\",\"potentialAction\":[{\"@type\":\"SearchAction\",\"target\":{\"@type\":\"EntryPoint\",\"urlTemplate\":\"https:\\\/\\\/pedrogomezmadrid.com\\\/?s={search_term_string}\"},\"query-input\":{\"@type\":\"PropertyValueSpecification\",\"valueRequired\":true,\"valueName\":\"search_term_string\"}}],\"inLanguage\":\"en-US\"}]}<\/script>\n<!-- \/ Yoast SEO plugin. -->","yoast_head_json":{"title":"Cafe Leather Waxed Canvas Vest - Pedro G\u00f3mez Madrid","description":"El cl\u00e1sico chaleco de Pedro G\u00f3mez Madrid en colaboraci\u00f3n con Caf\u00e9 Leather. Fabricado artesanalmente en Espa\u00f1a, disfruta de su Waxed Canvas.","robots":{"index":"index","follow":"follow","max-snippet":"max-snippet:-1","max-image-preview":"max-image-preview:large","max-video-preview":"max-video-preview:-1"},"canonical":"https:\/\/pedrogomezmadrid.com\/en\/tienda\/plumiferos\/cafe-leather-waxed-canvas-vest\/","og_locale":"en_US","og_type":"article","og_title":"Cafe Leather Waxed Canvas Vest - Pedro G\u00f3mez Madrid","og_description":"El cl\u00e1sico chaleco de Pedro G\u00f3mez Madrid en colaboraci\u00f3n con Caf\u00e9 Leather. Fabricado artesanalmente en Espa\u00f1a, disfruta de su Waxed Canvas.","og_url":"https:\/\/pedrogomezmadrid.com\/en\/tienda\/plumiferos\/cafe-leather-waxed-canvas-vest\/","og_site_name":"Pedro G\u00f3mez Madrid","article_modified_time":"2025-10-20T23:00:03+00:00","og_image":[{"width":980,"height":1120,"url":"https:\/\/pedrogomezmadrid.com\/wp-content\/uploads\/2022\/12\/ChalecoCLWaxedCanvas.jpg","type":"image\/jpeg"}],"twitter_card":"summary_large_image","twitter_misc":{"Est. reading time":"1 minute"},"schema":{"@context":"https:\/\/schema.org","@graph":[{"@type":"WebPage","@id":"https:\/\/pedrogomezmadrid.com\/en\/tienda\/plumiferos\/cafe-leather-waxed-canvas-vest\/","url":"https:\/\/pedrogomezmadrid.com\/en\/tienda\/plumiferos\/cafe-leather-waxed-canvas-vest\/","name":"Cafe Leather Waxed Canvas Vest - Pedro G\u00f3mez Madrid","isPartOf":{"@id":"https:\/\/pedrogomezmadrid.com\/#website"},"primaryImageOfPage":{"@id":"https:\/\/pedrogomezmadrid.com\/en\/tienda\/plumiferos\/cafe-leather-waxed-canvas-vest\/#primaryimage"},"image":{"@id":"https:\/\/pedrogomezmadrid.com\/en\/tienda\/plumiferos\/cafe-leather-waxed-canvas-vest\/#primaryimage"},"thumbnailUrl":"https:\/\/pedrogomezmadrid.com\/wp-content\/uploads\/2022\/12\/ChalecoCLWaxedCanvas.jpg","datePublished":"2022-12-01T09:25:26+00:00","dateModified":"2025-10-20T23:00:03+00:00","description":"El cl\u00e1sico chaleco de Pedro G\u00f3mez Madrid en colaboraci\u00f3n con Caf\u00e9 Leather. Fabricado artesanalmente en Espa\u00f1a, disfruta de su Waxed Canvas.","breadcrumb":{"@id":"https:\/\/pedrogomezmadrid.com\/en\/tienda\/plumiferos\/cafe-leather-waxed-canvas-vest\/#breadcrumb"},"inLanguage":"en-US","potentialAction":[{"@type":"ReadAction","target":["https:\/\/pedrogomezmadrid.com\/en\/tienda\/plumiferos\/cafe-leather-waxed-canvas-vest\/"]}]},{"@type":"ImageObject","inLanguage":"en-US","@id":"https:\/\/pedrogomezmadrid.com\/en\/tienda\/plumiferos\/cafe-leather-waxed-canvas-vest\/#primaryimage","url":"https:\/\/pedrogomezmadrid.com\/wp-content\/uploads\/2022\/12\/ChalecoCLWaxedCanvas.jpg","contentUrl":"https:\/\/pedrogomezmadrid.com\/wp-content\/uploads\/2022\/12\/ChalecoCLWaxedCanvas.jpg","width":980,"height":1120},{"@type":"BreadcrumbList","@id":"https:\/\/pedrogomezmadrid.com\/en\/tienda\/plumiferos\/cafe-leather-waxed-canvas-vest\/#breadcrumb","itemListElement":[{"@type":"ListItem","position":1,"name":"Portada","item":"https:\/\/pedrogomezmadrid.com\/en\/"},{"@type":"ListItem","position":2,"name":"Tienda","item":"https:\/\/pedrogomezmadrid.com\/tienda\/"},{"@type":"ListItem","position":3,"name":"Cafe Leather Waxed Canvas Vest"}]},{"@type":"WebSite","@id":"https:\/\/pedrogomezmadrid.com\/#website","url":"https:\/\/pedrogomezmadrid.com\/","name":"Pedro G\u00f3mez Madrid","description":"Vuelve la leyenda de los mejores plum\u00edferos del mundo","potentialAction":[{"@type":"SearchAction","target":{"@type":"EntryPoint","urlTemplate":"https:\/\/pedrogomezmadrid.com\/?s={search_term_string}"},"query-input":{"@type":"PropertyValueSpecification","valueRequired":true,"valueName":"search_term_string"}}],"inLanguage":"en-US"}]}},"_links":{"self":[{"href":"https:\/\/pedrogomezmadrid.com\/en\/wp-json\/wp\/v2\/product\/51228","targetHints":{"allow":["GET"]}}],"collection":[{"href":"https:\/\/pedrogomezmadrid.com\/en\/wp-json\/wp\/v2\/product"}],"about":[{"href":"https:\/\/pedrogomezmadrid.com\/en\/wp-json\/wp\/v2\/types\/product"}],"wp:featuredmedia":[{"embeddable":true,"href":"https:\/\/pedrogomezmadrid.com\/en\/wp-json\/wp\/v2\/media\/50922"}],"wp:attachment":[{"href":"https:\/\/pedrogomezmadrid.com\/en\/wp-json\/wp\/v2\/media?parent=51228"}],"wp:term":[{"taxonomy":"product_brand","embeddable":true,"href":"https:\/\/pedrogomezmadrid.com\/en\/wp-json\/wp\/v2\/product_brand?post=51228"},{"taxonomy":"product_cat","embeddable":true,"href":"https:\/\/pedrogomezmadrid.com\/en\/wp-json\/wp\/v2\/product_cat?post=51228"},{"taxonomy":"product_tag","embeddable":true,"href":"https:\/\/pedrogomezmadrid.com\/en\/wp-json\/wp\/v2\/product_tag?post=51228"}],"curies":[{"name":"wp","href":"https:\/\/api.w.org\/{rel}","templated":true}]}}