{"id":51263,"date":"2020-07-02T14:47:34","date_gmt":"2020-07-02T12:47:34","guid":{"rendered":"https:\/\/pedrogomezmadrid.com\/producto\/chaleco-pedro-naranja-kiss-majorelle\/"},"modified":"2023-03-10T18:25:31","modified_gmt":"2023-03-10T17:25:31","slug":"chaleco-pedro-naranja-kiss-majorelle","status":"publish","type":"product","link":"https:\/\/pedrogomezmadrid.com\/en\/tienda\/plumiferos\/chaleco-pedro-naranja-kiss-majorelle\/","title":{"rendered":"Pedro Orange Kiss Majorelle Vest"},"content":{"rendered":"<p class=\"p1\">Manufactured 100% in Spain. Body and yoke 100% polyamide. Lining 100% polyamide.<\/p>\n<p class=\"p1\">Improved version: This model already has 4 cm longer than the original pattern and being a lightweight fabric, the feathers inside are transparent.<\/p>\n<p class=\"p1\">Lightweight windproof, water repellent fabric with extra feather resistance.<\/p>\n","protected":false},"excerpt":{"rendered":"<p class=\"p1\">A timeless classic.<\/p>\n<p class=\"p1\">200 g. of real down DUVET<span class=\"s1\">\u00ae\ufe0f<\/span> for size 3. All other sizes have padding proportional to size.<\/p>\n<p class=\"p1\">Body and yoke in retro Pedro fabric with orange color and inner lining in Kiss fabric with majorelle blue color.<\/p>\n","protected":false},"featured_media":49699,"template":"","meta":[],"product_brand":[],"product_cat":[20],"product_tag":[],"class_list":{"0":"post-51263","1":"product","2":"type-product","3":"status-publish","4":"has-post-thumbnail","6":"product_cat-sin-categorizar","8":"first","9":"outofstock","10":"sale","11":"taxable","12":"shipping-taxable","13":"purchasable","14":"product-type-variable","15":"has-default-attributes"},"yoast_head":"<!-- This site is optimized with the Yoast SEO plugin v27.4 - https:\/\/yoast.com\/product\/yoast-seo-wordpress\/ -->\n<title>Pedro Orange Kiss Majorelle Vest - Pedro G\u00f3mez Madrid<\/title>\n<meta name=\"description\" content=\"El cl\u00e1sico chaleco de Pedro G\u00f3mez Madrid con combinaci\u00f3n espectacular de Pedro Naranja con forro Kiss Azul Majorelle. \u00a1Fabricado artesanalmente en Espa\u00f1a!\" \/>\n<meta name=\"robots\" content=\"index, follow, max-snippet:-1, max-image-preview:large, max-video-preview:-1\" \/>\n<link rel=\"canonical\" href=\"https:\/\/pedrogomezmadrid.com\/?post_type=product&p=3324\" \/>\n<meta property=\"og:locale\" content=\"en_US\" \/>\n<meta property=\"og:type\" content=\"article\" \/>\n<meta property=\"og:title\" content=\"Pedro Orange Kiss Majorelle Vest - Pedro G\u00f3mez Madrid\" \/>\n<meta property=\"og:description\" content=\"El cl\u00e1sico chaleco de Pedro G\u00f3mez Madrid con combinaci\u00f3n espectacular de Pedro Naranja con forro Kiss Azul Majorelle. \u00a1Fabricado artesanalmente en Espa\u00f1a!\" \/>\n<meta property=\"og:url\" content=\"https:\/\/pedrogomezmadrid.com\/?post_type=product&amp;p=3324\" \/>\n<meta property=\"og:site_name\" content=\"Pedro G\u00f3mez Madrid\" \/>\n<meta property=\"article:modified_time\" content=\"2023-03-10T17:25:31+00:00\" \/>\n<meta property=\"og:image\" content=\"https:\/\/pedrogomezmadrid.com\/wp-content\/uploads\/2020\/07\/chaleco-pedro-gomez-pedro-naranja-kiss-majorelle-frente.jpg\" \/>\n\t<meta property=\"og:image:width\" content=\"980\" \/>\n\t<meta property=\"og:image:height\" content=\"1120\" \/>\n\t<meta property=\"og:image:type\" content=\"image\/jpeg\" \/>\n<meta name=\"twitter:card\" content=\"summary_large_image\" \/>\n<meta name=\"twitter:label1\" content=\"Est. reading time\" \/>\n\t<meta name=\"twitter:data1\" content=\"1 minute\" \/>\n<script type=\"application\/ld+json\" class=\"yoast-schema-graph\">{\"@context\":\"https:\\\/\\\/schema.org\",\"@graph\":[{\"@type\":\"WebPage\",\"@id\":\"https:\\\/\\\/pedrogomezmadrid.com\\\/?post_type=product&p=3324\",\"url\":\"https:\\\/\\\/pedrogomezmadrid.com\\\/?post_type=product&p=3324\",\"name\":\"Pedro Orange Kiss Majorelle Vest - Pedro G\u00f3mez Madrid\",\"isPartOf\":{\"@id\":\"https:\\\/\\\/pedrogomezmadrid.com\\\/#website\"},\"primaryImageOfPage\":{\"@id\":\"https:\\\/\\\/pedrogomezmadrid.com\\\/?post_type=product&p=3324#primaryimage\"},\"image\":{\"@id\":\"https:\\\/\\\/pedrogomezmadrid.com\\\/?post_type=product&p=3324#primaryimage\"},\"thumbnailUrl\":\"https:\\\/\\\/pedrogomezmadrid.com\\\/wp-content\\\/uploads\\\/2020\\\/07\\\/chaleco-pedro-gomez-pedro-naranja-kiss-majorelle-frente.jpg\",\"datePublished\":\"2020-07-02T12:47:34+00:00\",\"dateModified\":\"2023-03-10T17:25:31+00:00\",\"description\":\"El cl\u00e1sico chaleco de Pedro G\u00f3mez Madrid con combinaci\u00f3n espectacular de Pedro Naranja con forro Kiss Azul Majorelle. \u00a1Fabricado artesanalmente en Espa\u00f1a!\",\"breadcrumb\":{\"@id\":\"https:\\\/\\\/pedrogomezmadrid.com\\\/?post_type=product&p=3324#breadcrumb\"},\"inLanguage\":\"en-US\",\"potentialAction\":[{\"@type\":\"ReadAction\",\"target\":[\"https:\\\/\\\/pedrogomezmadrid.com\\\/?post_type=product&p=3324\"]}]},{\"@type\":\"ImageObject\",\"inLanguage\":\"en-US\",\"@id\":\"https:\\\/\\\/pedrogomezmadrid.com\\\/?post_type=product&p=3324#primaryimage\",\"url\":\"https:\\\/\\\/pedrogomezmadrid.com\\\/wp-content\\\/uploads\\\/2020\\\/07\\\/chaleco-pedro-gomez-pedro-naranja-kiss-majorelle-frente.jpg\",\"contentUrl\":\"https:\\\/\\\/pedrogomezmadrid.com\\\/wp-content\\\/uploads\\\/2020\\\/07\\\/chaleco-pedro-gomez-pedro-naranja-kiss-majorelle-frente.jpg\",\"width\":980,\"height\":1120},{\"@type\":\"BreadcrumbList\",\"@id\":\"https:\\\/\\\/pedrogomezmadrid.com\\\/?post_type=product&p=3324#breadcrumb\",\"itemListElement\":[{\"@type\":\"ListItem\",\"position\":1,\"name\":\"Portada\",\"item\":\"https:\\\/\\\/pedrogomezmadrid.com\\\/en\\\/\"},{\"@type\":\"ListItem\",\"position\":2,\"name\":\"Tienda\",\"item\":\"https:\\\/\\\/pedrogomezmadrid.com\\\/tienda\\\/\"},{\"@type\":\"ListItem\",\"position\":3,\"name\":\"Pedro Orange Kiss Majorelle Vest\"}]},{\"@type\":\"WebSite\",\"@id\":\"https:\\\/\\\/pedrogomezmadrid.com\\\/#website\",\"url\":\"https:\\\/\\\/pedrogomezmadrid.com\\\/\",\"name\":\"Pedro G\u00f3mez Madrid\",\"description\":\"Vuelve la leyenda de los mejores plum\u00edferos del mundo\",\"potentialAction\":[{\"@type\":\"SearchAction\",\"target\":{\"@type\":\"EntryPoint\",\"urlTemplate\":\"https:\\\/\\\/pedrogomezmadrid.com\\\/?s={search_term_string}\"},\"query-input\":{\"@type\":\"PropertyValueSpecification\",\"valueRequired\":true,\"valueName\":\"search_term_string\"}}],\"inLanguage\":\"en-US\"}]}<\/script>\n<!-- \/ Yoast SEO plugin. -->","yoast_head_json":{"title":"Pedro Orange Kiss Majorelle Vest - Pedro G\u00f3mez Madrid","description":"El cl\u00e1sico chaleco de Pedro G\u00f3mez Madrid con combinaci\u00f3n espectacular de Pedro Naranja con forro Kiss Azul Majorelle. \u00a1Fabricado artesanalmente en Espa\u00f1a!","robots":{"index":"index","follow":"follow","max-snippet":"max-snippet:-1","max-image-preview":"max-image-preview:large","max-video-preview":"max-video-preview:-1"},"canonical":"https:\/\/pedrogomezmadrid.com\/?post_type=product&p=3324","og_locale":"en_US","og_type":"article","og_title":"Pedro Orange Kiss Majorelle Vest - Pedro G\u00f3mez Madrid","og_description":"El cl\u00e1sico chaleco de Pedro G\u00f3mez Madrid con combinaci\u00f3n espectacular de Pedro Naranja con forro Kiss Azul Majorelle. \u00a1Fabricado artesanalmente en Espa\u00f1a!","og_url":"https:\/\/pedrogomezmadrid.com\/?post_type=product&p=3324","og_site_name":"Pedro G\u00f3mez Madrid","article_modified_time":"2023-03-10T17:25:31+00:00","og_image":[{"width":980,"height":1120,"url":"https:\/\/pedrogomezmadrid.com\/wp-content\/uploads\/2020\/07\/chaleco-pedro-gomez-pedro-naranja-kiss-majorelle-frente.jpg","type":"image\/jpeg"}],"twitter_card":"summary_large_image","twitter_misc":{"Est. reading time":"1 minute"},"schema":{"@context":"https:\/\/schema.org","@graph":[{"@type":"WebPage","@id":"https:\/\/pedrogomezmadrid.com\/?post_type=product&p=3324","url":"https:\/\/pedrogomezmadrid.com\/?post_type=product&p=3324","name":"Pedro Orange Kiss Majorelle Vest - Pedro G\u00f3mez Madrid","isPartOf":{"@id":"https:\/\/pedrogomezmadrid.com\/#website"},"primaryImageOfPage":{"@id":"https:\/\/pedrogomezmadrid.com\/?post_type=product&p=3324#primaryimage"},"image":{"@id":"https:\/\/pedrogomezmadrid.com\/?post_type=product&p=3324#primaryimage"},"thumbnailUrl":"https:\/\/pedrogomezmadrid.com\/wp-content\/uploads\/2020\/07\/chaleco-pedro-gomez-pedro-naranja-kiss-majorelle-frente.jpg","datePublished":"2020-07-02T12:47:34+00:00","dateModified":"2023-03-10T17:25:31+00:00","description":"El cl\u00e1sico chaleco de Pedro G\u00f3mez Madrid con combinaci\u00f3n espectacular de Pedro Naranja con forro Kiss Azul Majorelle. \u00a1Fabricado artesanalmente en Espa\u00f1a!","breadcrumb":{"@id":"https:\/\/pedrogomezmadrid.com\/?post_type=product&p=3324#breadcrumb"},"inLanguage":"en-US","potentialAction":[{"@type":"ReadAction","target":["https:\/\/pedrogomezmadrid.com\/?post_type=product&p=3324"]}]},{"@type":"ImageObject","inLanguage":"en-US","@id":"https:\/\/pedrogomezmadrid.com\/?post_type=product&p=3324#primaryimage","url":"https:\/\/pedrogomezmadrid.com\/wp-content\/uploads\/2020\/07\/chaleco-pedro-gomez-pedro-naranja-kiss-majorelle-frente.jpg","contentUrl":"https:\/\/pedrogomezmadrid.com\/wp-content\/uploads\/2020\/07\/chaleco-pedro-gomez-pedro-naranja-kiss-majorelle-frente.jpg","width":980,"height":1120},{"@type":"BreadcrumbList","@id":"https:\/\/pedrogomezmadrid.com\/?post_type=product&p=3324#breadcrumb","itemListElement":[{"@type":"ListItem","position":1,"name":"Portada","item":"https:\/\/pedrogomezmadrid.com\/en\/"},{"@type":"ListItem","position":2,"name":"Tienda","item":"https:\/\/pedrogomezmadrid.com\/tienda\/"},{"@type":"ListItem","position":3,"name":"Pedro Orange Kiss Majorelle Vest"}]},{"@type":"WebSite","@id":"https:\/\/pedrogomezmadrid.com\/#website","url":"https:\/\/pedrogomezmadrid.com\/","name":"Pedro G\u00f3mez Madrid","description":"Vuelve la leyenda de los mejores plum\u00edferos del mundo","potentialAction":[{"@type":"SearchAction","target":{"@type":"EntryPoint","urlTemplate":"https:\/\/pedrogomezmadrid.com\/?s={search_term_string}"},"query-input":{"@type":"PropertyValueSpecification","valueRequired":true,"valueName":"search_term_string"}}],"inLanguage":"en-US"}]}},"_links":{"self":[{"href":"https:\/\/pedrogomezmadrid.com\/en\/wp-json\/wp\/v2\/product\/51263","targetHints":{"allow":["GET"]}}],"collection":[{"href":"https:\/\/pedrogomezmadrid.com\/en\/wp-json\/wp\/v2\/product"}],"about":[{"href":"https:\/\/pedrogomezmadrid.com\/en\/wp-json\/wp\/v2\/types\/product"}],"wp:featuredmedia":[{"embeddable":true,"href":"https:\/\/pedrogomezmadrid.com\/en\/wp-json\/wp\/v2\/media\/49699"}],"wp:attachment":[{"href":"https:\/\/pedrogomezmadrid.com\/en\/wp-json\/wp\/v2\/media?parent=51263"}],"wp:term":[{"taxonomy":"product_brand","embeddable":true,"href":"https:\/\/pedrogomezmadrid.com\/en\/wp-json\/wp\/v2\/product_brand?post=51263"},{"taxonomy":"product_cat","embeddable":true,"href":"https:\/\/pedrogomezmadrid.com\/en\/wp-json\/wp\/v2\/product_cat?post=51263"},{"taxonomy":"product_tag","embeddable":true,"href":"https:\/\/pedrogomezmadrid.com\/en\/wp-json\/wp\/v2\/product_tag?post=51263"}],"curies":[{"name":"wp","href":"https:\/\/api.w.org\/{rel}","templated":true}]}}