{"id":51296,"date":"2022-06-07T18:57:00","date_gmt":"2022-06-07T16:57:00","guid":{"rendered":"https:\/\/pedrogomezmadrid.com\/producto\/chaleco-gredos-kiss-verde-kiss-negro\/"},"modified":"2023-03-10T00:16:14","modified_gmt":"2023-03-09T23:16:14","slug":"gredos-kiss-green-kiss-black-vest","status":"publish","type":"product","link":"https:\/\/pedrogomezmadrid.com\/en\/tienda\/plumiferos\/gredos-kiss-green-kiss-black-vest\/","title":{"rendered":"Gredos Kiss Green Kiss Black Vest"},"content":{"rendered":"<p class=\"p1\">Manufactured 100% in Spain. Body and yoke 100% polyamide. Lining 100% polyamide.<\/p>\n<p class=\"p1\">Pedro Gomez label on the left side, El Igloo label on the outside and pockets with diagonal zippers to put your hands inside.<\/p>\n<p class=\"p1\">Lightweight, water repellent, wind resistant fabric with extra lightness and feather resistance.<\/p>\n","protected":false},"excerpt":{"rendered":"<p class=\"p1\">The inner vest arrives at Pedro Gomez.<\/p>\n<p class=\"p1\">Body and yoke in Kiss fabric in green and inner lining in Kiss fabric in black.<\/p>\n<p class=\"p1\">With half as much feather as the original vests and a stylized pattern, the Gredos Vest is the perfect garment to wear under your jacket or coat.<\/p>\n","protected":false},"featured_media":50641,"template":"","meta":[],"product_brand":[],"product_cat":[20],"product_tag":[],"class_list":{"0":"post-51296","1":"product","2":"type-product","3":"status-publish","4":"has-post-thumbnail","6":"product_cat-sin-categorizar","8":"first","9":"outofstock","10":"sale","11":"taxable","12":"shipping-taxable","13":"purchasable","14":"product-type-variable","15":"has-default-attributes"},"yoast_head":"<!-- This site is optimized with the Yoast SEO plugin v27.4 - https:\/\/yoast.com\/product\/yoast-seo-wordpress\/ -->\n<title>Gredos Kiss Green Kiss Black Vest - Pedro G\u00f3mez Madrid<\/title>\n<meta name=\"description\" content=\"El chaleco interior Gredos de Pedro G\u00f3mez con combinaci\u00f3n espectacular de tejido Kiss en Verde y Negro. \u00a1Fabricado artesanalmente en Espa\u00f1a!\" \/>\n<meta name=\"robots\" content=\"index, follow, max-snippet:-1, max-image-preview:large, max-video-preview:-1\" \/>\n<link rel=\"canonical\" href=\"https:\/\/pedrogomezmadrid.com\/?post_type=product&p=46372\" \/>\n<meta property=\"og:locale\" content=\"en_US\" \/>\n<meta property=\"og:type\" content=\"article\" \/>\n<meta property=\"og:title\" content=\"Gredos Kiss Green Kiss Black Vest - Pedro G\u00f3mez Madrid\" \/>\n<meta property=\"og:description\" content=\"El chaleco interior Gredos de Pedro G\u00f3mez con combinaci\u00f3n espectacular de tejido Kiss en Verde y Negro. \u00a1Fabricado artesanalmente en Espa\u00f1a!\" \/>\n<meta property=\"og:url\" content=\"https:\/\/pedrogomezmadrid.com\/?post_type=product&amp;p=46372\" \/>\n<meta property=\"og:site_name\" content=\"Pedro G\u00f3mez Madrid\" \/>\n<meta property=\"article:modified_time\" content=\"2023-03-09T23:16:14+00:00\" \/>\n<meta property=\"og:image\" content=\"https:\/\/pedrogomezmadrid.com\/wp-content\/uploads\/2022\/06\/Chaleco-Gredos-Kiss-Verde-Modelo.jpg\" \/>\n\t<meta property=\"og:image:width\" content=\"980\" \/>\n\t<meta property=\"og:image:height\" content=\"1120\" \/>\n\t<meta property=\"og:image:type\" content=\"image\/jpeg\" \/>\n<meta name=\"twitter:card\" content=\"summary_large_image\" \/>\n<meta name=\"twitter:label1\" content=\"Est. reading time\" \/>\n\t<meta name=\"twitter:data1\" content=\"1 minute\" \/>\n<script type=\"application\/ld+json\" class=\"yoast-schema-graph\">{\"@context\":\"https:\\\/\\\/schema.org\",\"@graph\":[{\"@type\":\"WebPage\",\"@id\":\"https:\\\/\\\/pedrogomezmadrid.com\\\/?post_type=product&p=46372\",\"url\":\"https:\\\/\\\/pedrogomezmadrid.com\\\/?post_type=product&p=46372\",\"name\":\"Gredos Kiss Green Kiss Black Vest - Pedro G\u00f3mez Madrid\",\"isPartOf\":{\"@id\":\"https:\\\/\\\/pedrogomezmadrid.com\\\/#website\"},\"primaryImageOfPage\":{\"@id\":\"https:\\\/\\\/pedrogomezmadrid.com\\\/?post_type=product&p=46372#primaryimage\"},\"image\":{\"@id\":\"https:\\\/\\\/pedrogomezmadrid.com\\\/?post_type=product&p=46372#primaryimage\"},\"thumbnailUrl\":\"https:\\\/\\\/pedrogomezmadrid.com\\\/wp-content\\\/uploads\\\/2022\\\/06\\\/Chaleco-Gredos-Kiss-Verde-Modelo.jpg\",\"datePublished\":\"2022-06-07T16:57:00+00:00\",\"dateModified\":\"2023-03-09T23:16:14+00:00\",\"description\":\"El chaleco interior Gredos de Pedro G\u00f3mez con combinaci\u00f3n espectacular de tejido Kiss en Verde y Negro. \u00a1Fabricado artesanalmente en Espa\u00f1a!\",\"breadcrumb\":{\"@id\":\"https:\\\/\\\/pedrogomezmadrid.com\\\/?post_type=product&p=46372#breadcrumb\"},\"inLanguage\":\"en-US\",\"potentialAction\":[{\"@type\":\"ReadAction\",\"target\":[\"https:\\\/\\\/pedrogomezmadrid.com\\\/?post_type=product&p=46372\"]}]},{\"@type\":\"ImageObject\",\"inLanguage\":\"en-US\",\"@id\":\"https:\\\/\\\/pedrogomezmadrid.com\\\/?post_type=product&p=46372#primaryimage\",\"url\":\"https:\\\/\\\/pedrogomezmadrid.com\\\/wp-content\\\/uploads\\\/2022\\\/06\\\/Chaleco-Gredos-Kiss-Verde-Modelo.jpg\",\"contentUrl\":\"https:\\\/\\\/pedrogomezmadrid.com\\\/wp-content\\\/uploads\\\/2022\\\/06\\\/Chaleco-Gredos-Kiss-Verde-Modelo.jpg\",\"width\":980,\"height\":1120},{\"@type\":\"BreadcrumbList\",\"@id\":\"https:\\\/\\\/pedrogomezmadrid.com\\\/?post_type=product&p=46372#breadcrumb\",\"itemListElement\":[{\"@type\":\"ListItem\",\"position\":1,\"name\":\"Portada\",\"item\":\"https:\\\/\\\/pedrogomezmadrid.com\\\/en\\\/\"},{\"@type\":\"ListItem\",\"position\":2,\"name\":\"Tienda\",\"item\":\"https:\\\/\\\/pedrogomezmadrid.com\\\/tienda\\\/\"},{\"@type\":\"ListItem\",\"position\":3,\"name\":\"Gredos Kiss Green Kiss Black Vest\"}]},{\"@type\":\"WebSite\",\"@id\":\"https:\\\/\\\/pedrogomezmadrid.com\\\/#website\",\"url\":\"https:\\\/\\\/pedrogomezmadrid.com\\\/\",\"name\":\"Pedro G\u00f3mez Madrid\",\"description\":\"Vuelve la leyenda de los mejores plum\u00edferos del mundo\",\"potentialAction\":[{\"@type\":\"SearchAction\",\"target\":{\"@type\":\"EntryPoint\",\"urlTemplate\":\"https:\\\/\\\/pedrogomezmadrid.com\\\/?s={search_term_string}\"},\"query-input\":{\"@type\":\"PropertyValueSpecification\",\"valueRequired\":true,\"valueName\":\"search_term_string\"}}],\"inLanguage\":\"en-US\"}]}<\/script>\n<!-- \/ Yoast SEO plugin. -->","yoast_head_json":{"title":"Gredos Kiss Green Kiss Black Vest - Pedro G\u00f3mez Madrid","description":"El chaleco interior Gredos de Pedro G\u00f3mez con combinaci\u00f3n espectacular de tejido Kiss en Verde y Negro. \u00a1Fabricado artesanalmente en Espa\u00f1a!","robots":{"index":"index","follow":"follow","max-snippet":"max-snippet:-1","max-image-preview":"max-image-preview:large","max-video-preview":"max-video-preview:-1"},"canonical":"https:\/\/pedrogomezmadrid.com\/?post_type=product&p=46372","og_locale":"en_US","og_type":"article","og_title":"Gredos Kiss Green Kiss Black Vest - Pedro G\u00f3mez Madrid","og_description":"El chaleco interior Gredos de Pedro G\u00f3mez con combinaci\u00f3n espectacular de tejido Kiss en Verde y Negro. \u00a1Fabricado artesanalmente en Espa\u00f1a!","og_url":"https:\/\/pedrogomezmadrid.com\/?post_type=product&p=46372","og_site_name":"Pedro G\u00f3mez Madrid","article_modified_time":"2023-03-09T23:16:14+00:00","og_image":[{"width":980,"height":1120,"url":"https:\/\/pedrogomezmadrid.com\/wp-content\/uploads\/2022\/06\/Chaleco-Gredos-Kiss-Verde-Modelo.jpg","type":"image\/jpeg"}],"twitter_card":"summary_large_image","twitter_misc":{"Est. reading time":"1 minute"},"schema":{"@context":"https:\/\/schema.org","@graph":[{"@type":"WebPage","@id":"https:\/\/pedrogomezmadrid.com\/?post_type=product&p=46372","url":"https:\/\/pedrogomezmadrid.com\/?post_type=product&p=46372","name":"Gredos Kiss Green Kiss Black Vest - Pedro G\u00f3mez Madrid","isPartOf":{"@id":"https:\/\/pedrogomezmadrid.com\/#website"},"primaryImageOfPage":{"@id":"https:\/\/pedrogomezmadrid.com\/?post_type=product&p=46372#primaryimage"},"image":{"@id":"https:\/\/pedrogomezmadrid.com\/?post_type=product&p=46372#primaryimage"},"thumbnailUrl":"https:\/\/pedrogomezmadrid.com\/wp-content\/uploads\/2022\/06\/Chaleco-Gredos-Kiss-Verde-Modelo.jpg","datePublished":"2022-06-07T16:57:00+00:00","dateModified":"2023-03-09T23:16:14+00:00","description":"El chaleco interior Gredos de Pedro G\u00f3mez con combinaci\u00f3n espectacular de tejido Kiss en Verde y Negro. \u00a1Fabricado artesanalmente en Espa\u00f1a!","breadcrumb":{"@id":"https:\/\/pedrogomezmadrid.com\/?post_type=product&p=46372#breadcrumb"},"inLanguage":"en-US","potentialAction":[{"@type":"ReadAction","target":["https:\/\/pedrogomezmadrid.com\/?post_type=product&p=46372"]}]},{"@type":"ImageObject","inLanguage":"en-US","@id":"https:\/\/pedrogomezmadrid.com\/?post_type=product&p=46372#primaryimage","url":"https:\/\/pedrogomezmadrid.com\/wp-content\/uploads\/2022\/06\/Chaleco-Gredos-Kiss-Verde-Modelo.jpg","contentUrl":"https:\/\/pedrogomezmadrid.com\/wp-content\/uploads\/2022\/06\/Chaleco-Gredos-Kiss-Verde-Modelo.jpg","width":980,"height":1120},{"@type":"BreadcrumbList","@id":"https:\/\/pedrogomezmadrid.com\/?post_type=product&p=46372#breadcrumb","itemListElement":[{"@type":"ListItem","position":1,"name":"Portada","item":"https:\/\/pedrogomezmadrid.com\/en\/"},{"@type":"ListItem","position":2,"name":"Tienda","item":"https:\/\/pedrogomezmadrid.com\/tienda\/"},{"@type":"ListItem","position":3,"name":"Gredos Kiss Green Kiss Black Vest"}]},{"@type":"WebSite","@id":"https:\/\/pedrogomezmadrid.com\/#website","url":"https:\/\/pedrogomezmadrid.com\/","name":"Pedro G\u00f3mez Madrid","description":"Vuelve la leyenda de los mejores plum\u00edferos del mundo","potentialAction":[{"@type":"SearchAction","target":{"@type":"EntryPoint","urlTemplate":"https:\/\/pedrogomezmadrid.com\/?s={search_term_string}"},"query-input":{"@type":"PropertyValueSpecification","valueRequired":true,"valueName":"search_term_string"}}],"inLanguage":"en-US"}]}},"_links":{"self":[{"href":"https:\/\/pedrogomezmadrid.com\/en\/wp-json\/wp\/v2\/product\/51296","targetHints":{"allow":["GET"]}}],"collection":[{"href":"https:\/\/pedrogomezmadrid.com\/en\/wp-json\/wp\/v2\/product"}],"about":[{"href":"https:\/\/pedrogomezmadrid.com\/en\/wp-json\/wp\/v2\/types\/product"}],"wp:featuredmedia":[{"embeddable":true,"href":"https:\/\/pedrogomezmadrid.com\/en\/wp-json\/wp\/v2\/media\/50641"}],"wp:attachment":[{"href":"https:\/\/pedrogomezmadrid.com\/en\/wp-json\/wp\/v2\/media?parent=51296"}],"wp:term":[{"taxonomy":"product_brand","embeddable":true,"href":"https:\/\/pedrogomezmadrid.com\/en\/wp-json\/wp\/v2\/product_brand?post=51296"},{"taxonomy":"product_cat","embeddable":true,"href":"https:\/\/pedrogomezmadrid.com\/en\/wp-json\/wp\/v2\/product_cat?post=51296"},{"taxonomy":"product_tag","embeddable":true,"href":"https:\/\/pedrogomezmadrid.com\/en\/wp-json\/wp\/v2\/product_tag?post=51296"}],"curies":[{"name":"wp","href":"https:\/\/api.w.org\/{rel}","templated":true}]}}