{"id":57907,"date":"2024-12-20T11:59:06","date_gmt":"2024-12-20T10:59:06","guid":{"rendered":"https:\/\/pedrogomezmadrid.com\/?post_type=product&#038;p=57907"},"modified":"2025-04-21T00:00:21","modified_gmt":"2025-04-20T23:00:21","slug":"lighter-case-pedro-gomez-dark-blue-orange","status":"publish","type":"product","link":"https:\/\/pedrogomezmadrid.com\/en\/tienda\/plumiferos\/lighter-case-pedro-gomez-dark-blue-orange\/","title":{"rendered":"Lighter Case Pedro Gomez Dark Blue Orange"},"content":{"rendered":"","protected":false},"excerpt":{"rendered":"<p>Dark blue and orange cigarette lighter case<\/p>\n<p>Measures 6 cm high, 3 cm long and 3 cm wide<\/p>\n","protected":false},"featured_media":57443,"template":"","meta":[],"product_brand":[],"product_cat":[327,270],"product_tag":[],"class_list":{"0":"post-57907","1":"product","2":"type-product","3":"status-publish","4":"has-post-thumbnail","6":"product_cat-accessories","7":"product_cat-shop","9":"first","10":"instock","11":"taxable","12":"shipping-taxable","13":"purchasable","14":"product-type-simple"},"yoast_head":"<!-- This site is optimized with the Yoast SEO plugin v27.4 - https:\/\/yoast.com\/product\/yoast-seo-wordpress\/ -->\n<title>Lighter Case Pedro Gomez Dark Blue Orange - Pedro G\u00f3mez Madrid<\/title>\n<meta name=\"description\" content=\"Buy online the dark blue orange Pedro G\u00f3mez Madrid lighter case with the Pedro G\u00f3mez logo - the perfect gift!\" \/>\n<meta name=\"robots\" content=\"index, follow, max-snippet:-1, max-image-preview:large, max-video-preview:-1\" \/>\n<link rel=\"canonical\" href=\"https:\/\/pedrogomezmadrid.com\/en\/tienda\/plumiferos\/lighter-case-pedro-gomez-dark-blue-orange\/\" \/>\n<meta property=\"og:locale\" content=\"en_US\" \/>\n<meta property=\"og:type\" content=\"article\" \/>\n<meta property=\"og:title\" content=\"Lighter Case Pedro Gomez Dark Blue Orange - Pedro G\u00f3mez Madrid\" \/>\n<meta property=\"og:description\" content=\"Buy online the dark blue orange Pedro G\u00f3mez Madrid lighter case with the Pedro G\u00f3mez logo - the perfect gift!\" \/>\n<meta property=\"og:url\" content=\"https:\/\/pedrogomezmadrid.com\/en\/tienda\/plumiferos\/lighter-case-pedro-gomez-dark-blue-orange\/\" \/>\n<meta property=\"og:site_name\" content=\"Pedro G\u00f3mez Madrid\" \/>\n<meta property=\"article:modified_time\" content=\"2025-04-20T23:00:21+00:00\" \/>\n<meta property=\"og:image\" content=\"https:\/\/pedrogomezmadrid.com\/wp-content\/uploads\/2024\/12\/PortaMecheroNaranjaFinal.jpg\" \/>\n\t<meta property=\"og:image:width\" content=\"982\" \/>\n\t<meta property=\"og:image:height\" content=\"1120\" \/>\n\t<meta property=\"og:image:type\" content=\"image\/jpeg\" \/>\n<meta name=\"twitter:card\" content=\"summary_large_image\" \/>\n<script type=\"application\/ld+json\" class=\"yoast-schema-graph\">{\"@context\":\"https:\\\/\\\/schema.org\",\"@graph\":[{\"@type\":\"WebPage\",\"@id\":\"https:\\\/\\\/pedrogomezmadrid.com\\\/en\\\/tienda\\\/plumiferos\\\/lighter-case-pedro-gomez-dark-blue-orange\\\/\",\"url\":\"https:\\\/\\\/pedrogomezmadrid.com\\\/en\\\/tienda\\\/plumiferos\\\/lighter-case-pedro-gomez-dark-blue-orange\\\/\",\"name\":\"Lighter Case Pedro Gomez Dark Blue Orange - Pedro G\u00f3mez Madrid\",\"isPartOf\":{\"@id\":\"https:\\\/\\\/pedrogomezmadrid.com\\\/#website\"},\"primaryImageOfPage\":{\"@id\":\"https:\\\/\\\/pedrogomezmadrid.com\\\/en\\\/tienda\\\/plumiferos\\\/lighter-case-pedro-gomez-dark-blue-orange\\\/#primaryimage\"},\"image\":{\"@id\":\"https:\\\/\\\/pedrogomezmadrid.com\\\/en\\\/tienda\\\/plumiferos\\\/lighter-case-pedro-gomez-dark-blue-orange\\\/#primaryimage\"},\"thumbnailUrl\":\"https:\\\/\\\/pedrogomezmadrid.com\\\/wp-content\\\/uploads\\\/2024\\\/12\\\/PortaMecheroNaranjaFinal.jpg\",\"datePublished\":\"2024-12-20T10:59:06+00:00\",\"dateModified\":\"2025-04-20T23:00:21+00:00\",\"description\":\"Buy online the dark blue orange Pedro G\u00f3mez Madrid lighter case with the Pedro G\u00f3mez logo - the perfect gift!\",\"breadcrumb\":{\"@id\":\"https:\\\/\\\/pedrogomezmadrid.com\\\/en\\\/tienda\\\/plumiferos\\\/lighter-case-pedro-gomez-dark-blue-orange\\\/#breadcrumb\"},\"inLanguage\":\"en-US\",\"potentialAction\":[{\"@type\":\"ReadAction\",\"target\":[\"https:\\\/\\\/pedrogomezmadrid.com\\\/en\\\/tienda\\\/plumiferos\\\/lighter-case-pedro-gomez-dark-blue-orange\\\/\"]}]},{\"@type\":\"ImageObject\",\"inLanguage\":\"en-US\",\"@id\":\"https:\\\/\\\/pedrogomezmadrid.com\\\/en\\\/tienda\\\/plumiferos\\\/lighter-case-pedro-gomez-dark-blue-orange\\\/#primaryimage\",\"url\":\"https:\\\/\\\/pedrogomezmadrid.com\\\/wp-content\\\/uploads\\\/2024\\\/12\\\/PortaMecheroNaranjaFinal.jpg\",\"contentUrl\":\"https:\\\/\\\/pedrogomezmadrid.com\\\/wp-content\\\/uploads\\\/2024\\\/12\\\/PortaMecheroNaranjaFinal.jpg\",\"width\":982,\"height\":1120},{\"@type\":\"BreadcrumbList\",\"@id\":\"https:\\\/\\\/pedrogomezmadrid.com\\\/en\\\/tienda\\\/plumiferos\\\/lighter-case-pedro-gomez-dark-blue-orange\\\/#breadcrumb\",\"itemListElement\":[{\"@type\":\"ListItem\",\"position\":1,\"name\":\"Portada\",\"item\":\"https:\\\/\\\/pedrogomezmadrid.com\\\/en\\\/\"},{\"@type\":\"ListItem\",\"position\":2,\"name\":\"Tienda\",\"item\":\"https:\\\/\\\/pedrogomezmadrid.com\\\/tienda\\\/\"},{\"@type\":\"ListItem\",\"position\":3,\"name\":\"Lighter Case Pedro Gomez Dark Blue Orange\"}]},{\"@type\":\"WebSite\",\"@id\":\"https:\\\/\\\/pedrogomezmadrid.com\\\/#website\",\"url\":\"https:\\\/\\\/pedrogomezmadrid.com\\\/\",\"name\":\"Pedro G\u00f3mez Madrid\",\"description\":\"Vuelve la leyenda de los mejores plum\u00edferos del mundo\",\"potentialAction\":[{\"@type\":\"SearchAction\",\"target\":{\"@type\":\"EntryPoint\",\"urlTemplate\":\"https:\\\/\\\/pedrogomezmadrid.com\\\/?s={search_term_string}\"},\"query-input\":{\"@type\":\"PropertyValueSpecification\",\"valueRequired\":true,\"valueName\":\"search_term_string\"}}],\"inLanguage\":\"en-US\"}]}<\/script>\n<!-- \/ Yoast SEO plugin. -->","yoast_head_json":{"title":"Lighter Case Pedro Gomez Dark Blue Orange - Pedro G\u00f3mez Madrid","description":"Buy online the dark blue orange Pedro G\u00f3mez Madrid lighter case with the Pedro G\u00f3mez logo - the perfect gift!","robots":{"index":"index","follow":"follow","max-snippet":"max-snippet:-1","max-image-preview":"max-image-preview:large","max-video-preview":"max-video-preview:-1"},"canonical":"https:\/\/pedrogomezmadrid.com\/en\/tienda\/plumiferos\/lighter-case-pedro-gomez-dark-blue-orange\/","og_locale":"en_US","og_type":"article","og_title":"Lighter Case Pedro Gomez Dark Blue Orange - Pedro G\u00f3mez Madrid","og_description":"Buy online the dark blue orange Pedro G\u00f3mez Madrid lighter case with the Pedro G\u00f3mez logo - the perfect gift!","og_url":"https:\/\/pedrogomezmadrid.com\/en\/tienda\/plumiferos\/lighter-case-pedro-gomez-dark-blue-orange\/","og_site_name":"Pedro G\u00f3mez Madrid","article_modified_time":"2025-04-20T23:00:21+00:00","og_image":[{"width":982,"height":1120,"url":"https:\/\/pedrogomezmadrid.com\/wp-content\/uploads\/2024\/12\/PortaMecheroNaranjaFinal.jpg","type":"image\/jpeg"}],"twitter_card":"summary_large_image","schema":{"@context":"https:\/\/schema.org","@graph":[{"@type":"WebPage","@id":"https:\/\/pedrogomezmadrid.com\/en\/tienda\/plumiferos\/lighter-case-pedro-gomez-dark-blue-orange\/","url":"https:\/\/pedrogomezmadrid.com\/en\/tienda\/plumiferos\/lighter-case-pedro-gomez-dark-blue-orange\/","name":"Lighter Case Pedro Gomez Dark Blue Orange - Pedro G\u00f3mez Madrid","isPartOf":{"@id":"https:\/\/pedrogomezmadrid.com\/#website"},"primaryImageOfPage":{"@id":"https:\/\/pedrogomezmadrid.com\/en\/tienda\/plumiferos\/lighter-case-pedro-gomez-dark-blue-orange\/#primaryimage"},"image":{"@id":"https:\/\/pedrogomezmadrid.com\/en\/tienda\/plumiferos\/lighter-case-pedro-gomez-dark-blue-orange\/#primaryimage"},"thumbnailUrl":"https:\/\/pedrogomezmadrid.com\/wp-content\/uploads\/2024\/12\/PortaMecheroNaranjaFinal.jpg","datePublished":"2024-12-20T10:59:06+00:00","dateModified":"2025-04-20T23:00:21+00:00","description":"Buy online the dark blue orange Pedro G\u00f3mez Madrid lighter case with the Pedro G\u00f3mez logo - the perfect gift!","breadcrumb":{"@id":"https:\/\/pedrogomezmadrid.com\/en\/tienda\/plumiferos\/lighter-case-pedro-gomez-dark-blue-orange\/#breadcrumb"},"inLanguage":"en-US","potentialAction":[{"@type":"ReadAction","target":["https:\/\/pedrogomezmadrid.com\/en\/tienda\/plumiferos\/lighter-case-pedro-gomez-dark-blue-orange\/"]}]},{"@type":"ImageObject","inLanguage":"en-US","@id":"https:\/\/pedrogomezmadrid.com\/en\/tienda\/plumiferos\/lighter-case-pedro-gomez-dark-blue-orange\/#primaryimage","url":"https:\/\/pedrogomezmadrid.com\/wp-content\/uploads\/2024\/12\/PortaMecheroNaranjaFinal.jpg","contentUrl":"https:\/\/pedrogomezmadrid.com\/wp-content\/uploads\/2024\/12\/PortaMecheroNaranjaFinal.jpg","width":982,"height":1120},{"@type":"BreadcrumbList","@id":"https:\/\/pedrogomezmadrid.com\/en\/tienda\/plumiferos\/lighter-case-pedro-gomez-dark-blue-orange\/#breadcrumb","itemListElement":[{"@type":"ListItem","position":1,"name":"Portada","item":"https:\/\/pedrogomezmadrid.com\/en\/"},{"@type":"ListItem","position":2,"name":"Tienda","item":"https:\/\/pedrogomezmadrid.com\/tienda\/"},{"@type":"ListItem","position":3,"name":"Lighter Case Pedro Gomez Dark Blue Orange"}]},{"@type":"WebSite","@id":"https:\/\/pedrogomezmadrid.com\/#website","url":"https:\/\/pedrogomezmadrid.com\/","name":"Pedro G\u00f3mez Madrid","description":"Vuelve la leyenda de los mejores plum\u00edferos del mundo","potentialAction":[{"@type":"SearchAction","target":{"@type":"EntryPoint","urlTemplate":"https:\/\/pedrogomezmadrid.com\/?s={search_term_string}"},"query-input":{"@type":"PropertyValueSpecification","valueRequired":true,"valueName":"search_term_string"}}],"inLanguage":"en-US"}]}},"_links":{"self":[{"href":"https:\/\/pedrogomezmadrid.com\/en\/wp-json\/wp\/v2\/product\/57907","targetHints":{"allow":["GET"]}}],"collection":[{"href":"https:\/\/pedrogomezmadrid.com\/en\/wp-json\/wp\/v2\/product"}],"about":[{"href":"https:\/\/pedrogomezmadrid.com\/en\/wp-json\/wp\/v2\/types\/product"}],"wp:featuredmedia":[{"embeddable":true,"href":"https:\/\/pedrogomezmadrid.com\/en\/wp-json\/wp\/v2\/media\/57443"}],"wp:attachment":[{"href":"https:\/\/pedrogomezmadrid.com\/en\/wp-json\/wp\/v2\/media?parent=57907"}],"wp:term":[{"taxonomy":"product_brand","embeddable":true,"href":"https:\/\/pedrogomezmadrid.com\/en\/wp-json\/wp\/v2\/product_brand?post=57907"},{"taxonomy":"product_cat","embeddable":true,"href":"https:\/\/pedrogomezmadrid.com\/en\/wp-json\/wp\/v2\/product_cat?post=57907"},{"taxonomy":"product_tag","embeddable":true,"href":"https:\/\/pedrogomezmadrid.com\/en\/wp-json\/wp\/v2\/product_tag?post=57907"}],"curies":[{"name":"wp","href":"https:\/\/api.w.org\/{rel}","templated":true}]}}