{"id":57938,"date":"2024-11-12T14:51:39","date_gmt":"2024-11-12T13:51:39","guid":{"rendered":"https:\/\/pedrogomezmadrid.com\/?post_type=product&#038;p=57938"},"modified":"2025-04-21T00:00:25","modified_gmt":"2025-04-20T23:00:25","slug":"pedro-gomez-light-grey-turtleneck-sweater","status":"publish","type":"product","link":"https:\/\/pedrogomezmadrid.com\/en\/tienda\/plumiferos\/pedro-gomez-light-grey-turtleneck-sweater\/","title":{"rendered":"Pedro G\u00f3mez Light Grey Turtleneck Sweater"},"content":{"rendered":"<p>Light grey mottled jersey turtleneck jumper. Features the vertical rubberised Pedro Gomez Madrid logo stitched on the front chest. Hand wash and dry clean. Do not bleach or tumble dry. Dry on a flat surface. Iron at maximum temperature 110\u00ba C.<\/p>\n","protected":false},"excerpt":{"rendered":"<p>The light grey turtleneck jumper is part of the exclusive collection of apparel Pedro G\u00f3mez Madrid for the FW 24 season.<\/p>\n<p>Made from 100% virgin wool.<\/p>\n","protected":false},"featured_media":57009,"template":"","meta":[],"product_brand":[],"product_cat":[264,270,276],"product_tag":[],"class_list":{"0":"post-57938","1":"product","2":"type-product","3":"status-publish","4":"has-post-thumbnail","6":"product_cat-men","7":"product_cat-shop","8":"product_cat-sweaters","10":"first","11":"outofstock","12":"taxable","13":"shipping-taxable","14":"purchasable","15":"product-type-variable","16":"has-default-attributes"},"yoast_head":"<!-- This site is optimized with the Yoast SEO plugin v27.4 - https:\/\/yoast.com\/product\/yoast-seo-wordpress\/ -->\n<title>Pedro G\u00f3mez Light Grey Turtleneck Sweater - Pedro G\u00f3mez Madrid<\/title>\n<meta name=\"description\" content=\"The light grey turtleneck jumper is part of the exclusive collection of apparel Pedro G\u00f3mez Madrid for the FW 24 season.\" \/>\n<meta name=\"robots\" content=\"index, follow, max-snippet:-1, max-image-preview:large, max-video-preview:-1\" \/>\n<link rel=\"canonical\" href=\"https:\/\/pedrogomezmadrid.com\/en\/tienda\/plumiferos\/pedro-gomez-light-grey-turtleneck-sweater\/\" \/>\n<meta property=\"og:locale\" content=\"en_US\" \/>\n<meta property=\"og:type\" content=\"article\" \/>\n<meta property=\"og:title\" content=\"Pedro G\u00f3mez Light Grey Turtleneck Sweater - Pedro G\u00f3mez Madrid\" \/>\n<meta property=\"og:description\" content=\"The light grey turtleneck jumper is part of the exclusive collection of apparel Pedro G\u00f3mez Madrid for the FW 24 season.\" \/>\n<meta property=\"og:url\" content=\"https:\/\/pedrogomezmadrid.com\/en\/tienda\/plumiferos\/pedro-gomez-light-grey-turtleneck-sweater\/\" \/>\n<meta property=\"og:site_name\" content=\"Pedro G\u00f3mez Madrid\" \/>\n<meta property=\"article:modified_time\" content=\"2025-04-20T23:00:25+00:00\" \/>\n<meta property=\"og:image\" content=\"https:\/\/pedrogomezmadrid.com\/wp-content\/uploads\/2024\/11\/GSJerseyGrisOscuro24.jpg\" \/>\n\t<meta property=\"og:image:width\" content=\"980\" \/>\n\t<meta property=\"og:image:height\" content=\"1120\" \/>\n\t<meta property=\"og:image:type\" content=\"image\/jpeg\" \/>\n<meta name=\"twitter:card\" content=\"summary_large_image\" \/>\n<meta name=\"twitter:label1\" content=\"Est. reading time\" \/>\n\t<meta name=\"twitter:data1\" content=\"1 minute\" \/>\n<script type=\"application\/ld+json\" class=\"yoast-schema-graph\">{\"@context\":\"https:\\\/\\\/schema.org\",\"@graph\":[{\"@type\":\"WebPage\",\"@id\":\"https:\\\/\\\/pedrogomezmadrid.com\\\/en\\\/tienda\\\/plumiferos\\\/pedro-gomez-light-grey-turtleneck-sweater\\\/\",\"url\":\"https:\\\/\\\/pedrogomezmadrid.com\\\/en\\\/tienda\\\/plumiferos\\\/pedro-gomez-light-grey-turtleneck-sweater\\\/\",\"name\":\"Pedro G\u00f3mez Light Grey Turtleneck Sweater - Pedro G\u00f3mez Madrid\",\"isPartOf\":{\"@id\":\"https:\\\/\\\/pedrogomezmadrid.com\\\/#website\"},\"primaryImageOfPage\":{\"@id\":\"https:\\\/\\\/pedrogomezmadrid.com\\\/en\\\/tienda\\\/plumiferos\\\/pedro-gomez-light-grey-turtleneck-sweater\\\/#primaryimage\"},\"image\":{\"@id\":\"https:\\\/\\\/pedrogomezmadrid.com\\\/en\\\/tienda\\\/plumiferos\\\/pedro-gomez-light-grey-turtleneck-sweater\\\/#primaryimage\"},\"thumbnailUrl\":\"https:\\\/\\\/pedrogomezmadrid.com\\\/wp-content\\\/uploads\\\/2024\\\/11\\\/GSJerseyGrisOscuro24.jpg\",\"datePublished\":\"2024-11-12T13:51:39+00:00\",\"dateModified\":\"2025-04-20T23:00:25+00:00\",\"description\":\"The light grey turtleneck jumper is part of the exclusive collection of apparel Pedro G\u00f3mez Madrid for the FW 24 season.\",\"breadcrumb\":{\"@id\":\"https:\\\/\\\/pedrogomezmadrid.com\\\/en\\\/tienda\\\/plumiferos\\\/pedro-gomez-light-grey-turtleneck-sweater\\\/#breadcrumb\"},\"inLanguage\":\"en-US\",\"potentialAction\":[{\"@type\":\"ReadAction\",\"target\":[\"https:\\\/\\\/pedrogomezmadrid.com\\\/en\\\/tienda\\\/plumiferos\\\/pedro-gomez-light-grey-turtleneck-sweater\\\/\"]}]},{\"@type\":\"ImageObject\",\"inLanguage\":\"en-US\",\"@id\":\"https:\\\/\\\/pedrogomezmadrid.com\\\/en\\\/tienda\\\/plumiferos\\\/pedro-gomez-light-grey-turtleneck-sweater\\\/#primaryimage\",\"url\":\"https:\\\/\\\/pedrogomezmadrid.com\\\/wp-content\\\/uploads\\\/2024\\\/11\\\/GSJerseyGrisOscuro24.jpg\",\"contentUrl\":\"https:\\\/\\\/pedrogomezmadrid.com\\\/wp-content\\\/uploads\\\/2024\\\/11\\\/GSJerseyGrisOscuro24.jpg\",\"width\":980,\"height\":1120},{\"@type\":\"BreadcrumbList\",\"@id\":\"https:\\\/\\\/pedrogomezmadrid.com\\\/en\\\/tienda\\\/plumiferos\\\/pedro-gomez-light-grey-turtleneck-sweater\\\/#breadcrumb\",\"itemListElement\":[{\"@type\":\"ListItem\",\"position\":1,\"name\":\"Portada\",\"item\":\"https:\\\/\\\/pedrogomezmadrid.com\\\/en\\\/\"},{\"@type\":\"ListItem\",\"position\":2,\"name\":\"Tienda\",\"item\":\"https:\\\/\\\/pedrogomezmadrid.com\\\/tienda\\\/\"},{\"@type\":\"ListItem\",\"position\":3,\"name\":\"Pedro G\u00f3mez Light Grey Turtleneck Sweater\"}]},{\"@type\":\"WebSite\",\"@id\":\"https:\\\/\\\/pedrogomezmadrid.com\\\/#website\",\"url\":\"https:\\\/\\\/pedrogomezmadrid.com\\\/\",\"name\":\"Pedro G\u00f3mez Madrid\",\"description\":\"Vuelve la leyenda de los mejores plum\u00edferos del mundo\",\"potentialAction\":[{\"@type\":\"SearchAction\",\"target\":{\"@type\":\"EntryPoint\",\"urlTemplate\":\"https:\\\/\\\/pedrogomezmadrid.com\\\/?s={search_term_string}\"},\"query-input\":{\"@type\":\"PropertyValueSpecification\",\"valueRequired\":true,\"valueName\":\"search_term_string\"}}],\"inLanguage\":\"en-US\"}]}<\/script>\n<!-- \/ Yoast SEO plugin. -->","yoast_head_json":{"title":"Pedro G\u00f3mez Light Grey Turtleneck Sweater - Pedro G\u00f3mez Madrid","description":"The light grey turtleneck jumper is part of the exclusive collection of apparel Pedro G\u00f3mez Madrid for the FW 24 season.","robots":{"index":"index","follow":"follow","max-snippet":"max-snippet:-1","max-image-preview":"max-image-preview:large","max-video-preview":"max-video-preview:-1"},"canonical":"https:\/\/pedrogomezmadrid.com\/en\/tienda\/plumiferos\/pedro-gomez-light-grey-turtleneck-sweater\/","og_locale":"en_US","og_type":"article","og_title":"Pedro G\u00f3mez Light Grey Turtleneck Sweater - Pedro G\u00f3mez Madrid","og_description":"The light grey turtleneck jumper is part of the exclusive collection of apparel Pedro G\u00f3mez Madrid for the FW 24 season.","og_url":"https:\/\/pedrogomezmadrid.com\/en\/tienda\/plumiferos\/pedro-gomez-light-grey-turtleneck-sweater\/","og_site_name":"Pedro G\u00f3mez Madrid","article_modified_time":"2025-04-20T23:00:25+00:00","og_image":[{"width":980,"height":1120,"url":"https:\/\/pedrogomezmadrid.com\/wp-content\/uploads\/2024\/11\/GSJerseyGrisOscuro24.jpg","type":"image\/jpeg"}],"twitter_card":"summary_large_image","twitter_misc":{"Est. reading time":"1 minute"},"schema":{"@context":"https:\/\/schema.org","@graph":[{"@type":"WebPage","@id":"https:\/\/pedrogomezmadrid.com\/en\/tienda\/plumiferos\/pedro-gomez-light-grey-turtleneck-sweater\/","url":"https:\/\/pedrogomezmadrid.com\/en\/tienda\/plumiferos\/pedro-gomez-light-grey-turtleneck-sweater\/","name":"Pedro G\u00f3mez Light Grey Turtleneck Sweater - Pedro G\u00f3mez Madrid","isPartOf":{"@id":"https:\/\/pedrogomezmadrid.com\/#website"},"primaryImageOfPage":{"@id":"https:\/\/pedrogomezmadrid.com\/en\/tienda\/plumiferos\/pedro-gomez-light-grey-turtleneck-sweater\/#primaryimage"},"image":{"@id":"https:\/\/pedrogomezmadrid.com\/en\/tienda\/plumiferos\/pedro-gomez-light-grey-turtleneck-sweater\/#primaryimage"},"thumbnailUrl":"https:\/\/pedrogomezmadrid.com\/wp-content\/uploads\/2024\/11\/GSJerseyGrisOscuro24.jpg","datePublished":"2024-11-12T13:51:39+00:00","dateModified":"2025-04-20T23:00:25+00:00","description":"The light grey turtleneck jumper is part of the exclusive collection of apparel Pedro G\u00f3mez Madrid for the FW 24 season.","breadcrumb":{"@id":"https:\/\/pedrogomezmadrid.com\/en\/tienda\/plumiferos\/pedro-gomez-light-grey-turtleneck-sweater\/#breadcrumb"},"inLanguage":"en-US","potentialAction":[{"@type":"ReadAction","target":["https:\/\/pedrogomezmadrid.com\/en\/tienda\/plumiferos\/pedro-gomez-light-grey-turtleneck-sweater\/"]}]},{"@type":"ImageObject","inLanguage":"en-US","@id":"https:\/\/pedrogomezmadrid.com\/en\/tienda\/plumiferos\/pedro-gomez-light-grey-turtleneck-sweater\/#primaryimage","url":"https:\/\/pedrogomezmadrid.com\/wp-content\/uploads\/2024\/11\/GSJerseyGrisOscuro24.jpg","contentUrl":"https:\/\/pedrogomezmadrid.com\/wp-content\/uploads\/2024\/11\/GSJerseyGrisOscuro24.jpg","width":980,"height":1120},{"@type":"BreadcrumbList","@id":"https:\/\/pedrogomezmadrid.com\/en\/tienda\/plumiferos\/pedro-gomez-light-grey-turtleneck-sweater\/#breadcrumb","itemListElement":[{"@type":"ListItem","position":1,"name":"Portada","item":"https:\/\/pedrogomezmadrid.com\/en\/"},{"@type":"ListItem","position":2,"name":"Tienda","item":"https:\/\/pedrogomezmadrid.com\/tienda\/"},{"@type":"ListItem","position":3,"name":"Pedro G\u00f3mez Light Grey Turtleneck Sweater"}]},{"@type":"WebSite","@id":"https:\/\/pedrogomezmadrid.com\/#website","url":"https:\/\/pedrogomezmadrid.com\/","name":"Pedro G\u00f3mez Madrid","description":"Vuelve la leyenda de los mejores plum\u00edferos del mundo","potentialAction":[{"@type":"SearchAction","target":{"@type":"EntryPoint","urlTemplate":"https:\/\/pedrogomezmadrid.com\/?s={search_term_string}"},"query-input":{"@type":"PropertyValueSpecification","valueRequired":true,"valueName":"search_term_string"}}],"inLanguage":"en-US"}]}},"_links":{"self":[{"href":"https:\/\/pedrogomezmadrid.com\/en\/wp-json\/wp\/v2\/product\/57938","targetHints":{"allow":["GET"]}}],"collection":[{"href":"https:\/\/pedrogomezmadrid.com\/en\/wp-json\/wp\/v2\/product"}],"about":[{"href":"https:\/\/pedrogomezmadrid.com\/en\/wp-json\/wp\/v2\/types\/product"}],"wp:featuredmedia":[{"embeddable":true,"href":"https:\/\/pedrogomezmadrid.com\/en\/wp-json\/wp\/v2\/media\/57009"}],"wp:attachment":[{"href":"https:\/\/pedrogomezmadrid.com\/en\/wp-json\/wp\/v2\/media?parent=57938"}],"wp:term":[{"taxonomy":"product_brand","embeddable":true,"href":"https:\/\/pedrogomezmadrid.com\/en\/wp-json\/wp\/v2\/product_brand?post=57938"},{"taxonomy":"product_cat","embeddable":true,"href":"https:\/\/pedrogomezmadrid.com\/en\/wp-json\/wp\/v2\/product_cat?post=57938"},{"taxonomy":"product_tag","embeddable":true,"href":"https:\/\/pedrogomezmadrid.com\/en\/wp-json\/wp\/v2\/product_tag?post=57938"}],"curies":[{"name":"wp","href":"https:\/\/api.w.org\/{rel}","templated":true}]}}